{"id":6452,"date":"2019-12-05T15:27:28","date_gmt":"2019-12-05T14:27:28","guid":{"rendered":"https:\/\/eaudemelisse.com\/boutique\/eaux-de-parfum-100ml\/"},"modified":"2019-12-05T15:27:28","modified_gmt":"2019-12-05T14:27:28","slug":"eaux-de-parfum-100ml","status":"publish","type":"product","link":"https:\/\/eaudemelisse.com\/it\/boutique\/eaux-de-parfum-100ml\/","title":{"rendered":"Eaux de Parfum 100ml"},"content":{"rendered":"<p>Applicare il profumo sui punti di pulsazione, l\u00e0 dove il corpo emette pi\u00f9 calore, cio\u00e8 l\u2019interno dei polsi e dietro le orecchie. Si pu\u00f2 anche applicare con piccoli tocchi a livello del collo.<\/p>\n<p>Il profumo si conserva meglio sulla pelle che sui tessuti. Pertanto, evitare di spruzzarlo soltanto sui vestiti.<\/p>\n","protected":false},"excerpt":{"rendered":"<p>GIARDINO MEDICINALE<\/p>\n<p>In attivit\u00e0 da pi\u00f9 di 400 anni.<br \/>\nFondata nel 1611 sotto Maria de Medici, Eau des Carmes Boyer \u00e8 specialista delle piante aromatiche, medicinali e da profumo. L\u2019Eau de M\u00e9lisse, il suo elisir emblematico, ha attraversato i secoli ed \u00e8 arrivata fino a noi senza mai perdere il suo prestigio e la sua eccellenza<\/p>\n<p>DAL GIARDINO MEDICINALE ALLE PIANTE\u00a0 DA PROFUMO<\/p>\n<p>Sensibile sia ai benefici olfattivi delle piante che alle loro virt\u00f9 medicinali, la Maison ha elaborato una gamma di eau de parfum e di brume profumate 100% naturali.<br \/>\nRiconnettendosi con l\u2019Oriente, offre fragranze ammalianti.<\/p>\n","protected":false},"featured_media":6191,"template":"","meta":[],"product_cat":[153],"product_tag":[],"class_list":{"0":"post-6452","1":"product","2":"type-product","3":"status-publish","4":"has-post-thumbnail","6":"product_cat-giardino-olfattivo","8":"first","9":"instock","10":"taxable","11":"shipping-taxable","12":"purchasable","13":"product-type-variable"},"aioseo_notices":[],"_links":{"self":[{"href":"https:\/\/eaudemelisse.com\/it\/wp-json\/wp\/v2\/product\/6452","targetHints":{"allow":["GET"]}}],"collection":[{"href":"https:\/\/eaudemelisse.com\/it\/wp-json\/wp\/v2\/product"}],"about":[{"href":"https:\/\/eaudemelisse.com\/it\/wp-json\/wp\/v2\/types\/product"}],"wp:featuredmedia":[{"embeddable":true,"href":"https:\/\/eaudemelisse.com\/it\/wp-json\/wp\/v2\/media\/6191"}],"wp:attachment":[{"href":"https:\/\/eaudemelisse.com\/it\/wp-json\/wp\/v2\/media?parent=6452"}],"wp:term":[{"taxonomy":"product_cat","embeddable":true,"href":"https:\/\/eaudemelisse.com\/it\/wp-json\/wp\/v2\/product_cat?post=6452"},{"taxonomy":"product_tag","embeddable":true,"href":"https:\/\/eaudemelisse.com\/it\/wp-json\/wp\/v2\/product_tag?post=6452"}],"curies":[{"name":"wp","href":"https:\/\/api.w.org\/{rel}","templated":true}]}}