{"id":6228,"date":"2019-12-05T00:46:39","date_gmt":"2019-12-04T23:46:39","guid":{"rendered":"https:\/\/eaudemelisse.com\/boutique\/eau-de-melisse\/"},"modified":"2020-03-27T16:33:48","modified_gmt":"2020-03-27T15:33:48","slug":"eau-de-melisse","status":"publish","type":"product","link":"https:\/\/eaudemelisse.com\/it\/boutique\/eau-de-melisse\/","title":{"rendered":"Eau de M\u00e9lisse"},"content":{"rendered":"<p>Due-tre gocce sono sufficienti:<\/p>\n<ul>\n<li>su una zolletta di zucchero<\/li>\n<li>in un bicchiere d&#8217;acqua<\/li>\n<li>in un po&#8217; di grog<\/li>\n<li>in un infuso<\/li>\n<\/ul>\n<p>In generale, meglio dopo i pasti principali per una digestione migliore, ma anche in viaggio contro il mal d&#8217;auto.<\/p>\n<p>Come frizione su una garza, in caso di dolore dopo una botta.<\/p>\n","protected":false},"excerpt":{"rendered":"<p>Lenitiva e tonica, ideale contro i disturbi digestivi, i &#8220;colpi di stanchezza&#8221; e il mal d&#8217;auto, la famosa Eau de M\u00e9lisse des Carmes Boyer coniuga i benefici di quattordici piante medicinali e di nove spezie. E&#8217; il prodotto pi\u00f9 antico venduto in farmacia.<\/p>\n<p>La sua origine \u00e8 cos\u00ec antica che \u00e8 quasi divenuta una leggenda e il segreto gelosamente custodito della sua formula, che si deve ai monaci dell&#8217;ordine dei Carmelitani scalzi, si trasmette di generazione in generazione da pi\u00f9 di 400 anni.<\/p>\n<p>E&#8217; 100% naturale e la sua produzione esclusiva nei laboratori Eau des Carmes Boyer \u00e8 rimasta artigianale.<\/p>\n<p>Spesso imitata, mai uguagliata, l\u2019Eau de M\u00e9lisse des Carmes Boyer trova nella natura la sua forza e il suo sapore.<\/p>\n","protected":false},"featured_media":5968,"template":"","meta":[],"product_cat":[160],"product_tag":[],"class_list":{"0":"post-6228","1":"product","2":"type-product","3":"status-publish","4":"has-post-thumbnail","6":"product_cat-giardino-semplice","8":"first","9":"instock","10":"taxable","11":"shipping-taxable","12":"purchasable","13":"product-type-variable"},"aioseo_notices":[],"_links":{"self":[{"href":"https:\/\/eaudemelisse.com\/it\/wp-json\/wp\/v2\/product\/6228","targetHints":{"allow":["GET"]}}],"collection":[{"href":"https:\/\/eaudemelisse.com\/it\/wp-json\/wp\/v2\/product"}],"about":[{"href":"https:\/\/eaudemelisse.com\/it\/wp-json\/wp\/v2\/types\/product"}],"wp:featuredmedia":[{"embeddable":true,"href":"https:\/\/eaudemelisse.com\/it\/wp-json\/wp\/v2\/media\/5968"}],"wp:attachment":[{"href":"https:\/\/eaudemelisse.com\/it\/wp-json\/wp\/v2\/media?parent=6228"}],"wp:term":[{"taxonomy":"product_cat","embeddable":true,"href":"https:\/\/eaudemelisse.com\/it\/wp-json\/wp\/v2\/product_cat?post=6228"},{"taxonomy":"product_tag","embeddable":true,"href":"https:\/\/eaudemelisse.com\/it\/wp-json\/wp\/v2\/product_tag?post=6228"}],"curies":[{"name":"wp","href":"https:\/\/api.w.org\/{rel}","templated":true}]}}