{"id":2006,"date":"2015-05-25T16:06:07","date_gmt":"2015-05-25T15:06:07","guid":{"rendered":"http:\/\/eaudemelisse.com\/boutique\/targa-400-anni\/"},"modified":"2020-03-27T16:34:26","modified_gmt":"2020-03-27T15:34:26","slug":"targa-400-anni","status":"publish","type":"product","link":"https:\/\/eaudemelisse.com\/it\/boutique\/targa-400-anni\/","title":{"rendered":"TARGA 400 ANNI"},"content":{"rendered":"<p>Da mettere in cucina, in bagno o nell&#8217;ingresso, la nostra targa non \u00e8 solo una bella r\u00e9clame, ma \u00e8 un pezzo unico, un articolo di arredamento.<\/p>\n","protected":false},"excerpt":{"rendered":"<p>Targa smaltata Eau de M\u00e9lisse des Carmes dal 1611 al 2011<\/p>\n<p>La vera Eau de M\u00e9lisse<\/p>\n<p>Dimensioni: 40 cm x 30 cm<\/p>\n","protected":false},"featured_media":1368,"template":"","meta":[],"product_cat":[167],"product_tag":[],"class_list":{"0":"post-2006","1":"product","2":"type-product","3":"status-publish","4":"has-post-thumbnail","6":"product_cat-accessori","8":"first","9":"instock","10":"taxable","11":"shipping-taxable","12":"purchasable","13":"product-type-simple"},"aioseo_notices":[],"_links":{"self":[{"href":"https:\/\/eaudemelisse.com\/it\/wp-json\/wp\/v2\/product\/2006","targetHints":{"allow":["GET"]}}],"collection":[{"href":"https:\/\/eaudemelisse.com\/it\/wp-json\/wp\/v2\/product"}],"about":[{"href":"https:\/\/eaudemelisse.com\/it\/wp-json\/wp\/v2\/types\/product"}],"wp:featuredmedia":[{"embeddable":true,"href":"https:\/\/eaudemelisse.com\/it\/wp-json\/wp\/v2\/media\/1368"}],"wp:attachment":[{"href":"https:\/\/eaudemelisse.com\/it\/wp-json\/wp\/v2\/media?parent=2006"}],"wp:term":[{"taxonomy":"product_cat","embeddable":true,"href":"https:\/\/eaudemelisse.com\/it\/wp-json\/wp\/v2\/product_cat?post=2006"},{"taxonomy":"product_tag","embeddable":true,"href":"https:\/\/eaudemelisse.com\/it\/wp-json\/wp\/v2\/product_tag?post=2006"}],"curies":[{"name":"wp","href":"https:\/\/api.w.org\/{rel}","templated":true}]}}