{"id":2003,"date":"2018-11-19T09:59:24","date_gmt":"2018-11-19T08:59:24","guid":{"rendered":"http:\/\/eaudemelisse.com\/boutique\/candela-eau-de-melisse-note-fraiche-185-g\/"},"modified":"2020-03-27T16:37:58","modified_gmt":"2020-03-27T15:37:58","slug":"candela-eau-de-melisse-note-fraiche-185-g","status":"publish","type":"product","link":"https:\/\/eaudemelisse.com\/it\/boutique\/candela-eau-de-melisse-note-fraiche-185-g\/","title":{"rendered":"CANDELA EAU DE M\u00c9LISSE &#8220;NOTE FRA\u00ceCHE&#8221; 185 G"},"content":{"rendered":"<p>La candela Eau de M\u00e9lisse \u00e8 a base di cera vegetale e pesa 185 grammi. Accesa per una o due ore, il suo benevolo profumo dura ben 50 ore.<\/p>\n<p>Offre una sensazione di freschezza e di benessere.<\/p>\n<p>Melissa, Cedro, Legno di shiu, Coriandolo, Lavandino, Basilico, Menta, Litsea, Cannella, Anice stellato<\/p>\n","protected":false},"excerpt":{"rendered":"<p>La candela Eau de M\u00e9lisse \u00e8 a base di cera vegetale e pesa 185 grammi. Accesa per una o due ore, il suo benevolo profumo dura ben 50 ore.<\/p>\n<p>Offre una sensazione di freschezza e di benessere.<\/p>\n<p>Melissa, Cedro, Legno di shiu, Coriandolo, Lavandino, Basilico, Menta, Litsea, Cannella, Anice stellato<\/p>\n","protected":false},"featured_media":1354,"template":"","meta":[],"product_cat":[153],"product_tag":[],"class_list":{"0":"post-2003","1":"product","2":"type-product","3":"status-publish","4":"has-post-thumbnail","6":"product_cat-giardino-olfattivo","8":"first","9":"instock","10":"taxable","11":"shipping-taxable","12":"purchasable","13":"product-type-simple"},"aioseo_notices":[],"_links":{"self":[{"href":"https:\/\/eaudemelisse.com\/it\/wp-json\/wp\/v2\/product\/2003","targetHints":{"allow":["GET"]}}],"collection":[{"href":"https:\/\/eaudemelisse.com\/it\/wp-json\/wp\/v2\/product"}],"about":[{"href":"https:\/\/eaudemelisse.com\/it\/wp-json\/wp\/v2\/types\/product"}],"wp:featuredmedia":[{"embeddable":true,"href":"https:\/\/eaudemelisse.com\/it\/wp-json\/wp\/v2\/media\/1354"}],"wp:attachment":[{"href":"https:\/\/eaudemelisse.com\/it\/wp-json\/wp\/v2\/media?parent=2003"}],"wp:term":[{"taxonomy":"product_cat","embeddable":true,"href":"https:\/\/eaudemelisse.com\/it\/wp-json\/wp\/v2\/product_cat?post=2003"},{"taxonomy":"product_tag","embeddable":true,"href":"https:\/\/eaudemelisse.com\/it\/wp-json\/wp\/v2\/product_tag?post=2003"}],"curies":[{"name":"wp","href":"https:\/\/api.w.org\/{rel}","templated":true}]}}