{"id":1941,"date":"2015-10-07T15:10:17","date_gmt":"2015-10-07T14:10:17","guid":{"rendered":"http:\/\/eaudemelisse.com\/it\/?page_id=1941"},"modified":"2016-10-04T20:12:19","modified_gmt":"2016-10-04T19:12:19","slug":"le-date","status":"publish","type":"page","link":"https:\/\/eaudemelisse.com\/it\/la-nostra-storia\/le-date\/","title":{"rendered":"Le Date"},"content":{"rendered":"<section class=\"wpb-content-wrapper\">[mk_page_section full_width=&#8221;true&#8221;][vc_column][vc_single_image image=&#8221;343&#8243; img_size=&#8221;full&#8221; alignment=&#8221;center&#8221;][vc_empty_space height=&#8221;25px&#8221;][\/vc_column][\/mk_page_section][mk_page_section bg_color=&#8221;#cfdfe3&#8243; bg_image=&#8221;https:\/\/eaudemelisse.com\/wp-content\/uploads\/2015\/10\/histoire-1611-2.jpg&#8221; bg_position=&#8221;center center&#8221; bg_repeat=&#8221;no-repeat&#8221; bg_stretch=&#8221;true&#8221; expandable=&#8221;true&#8221; expandable_txt=&#8221;1611&#8243; expandable_icon_size=&#8221;45&#8243; expandable_txt_color=&#8221;#ff4351&#8243; expandable_txt_size=&#8221;34&#8243; full_width=&#8221;true&#8221;][vc_column][vc_column_text el_class=&#8221;dates-text&#8221;]\n<h3>10 maggio 1611<\/h3>\n<p>L&#8217;Ordine dei padri Carmelitani Scalzi si stabilisce, sotto la reggenza Maria de Medici, in rue de Vaugirard e in questo stesso anno inizia a fabbricare l\u2019Eau de M\u00e9lisse.<\/p>\n<p>Padre Damien \u00e8 il primo a preparare la nostra miscela.<\/p>\n<p>&nbsp;<\/p>\n<p><a href=\"http:\/\/www.carmes-paris.org\" target=\"_blank\">http:\/\/www.carmes-paris.org<\/a>[\/vc_column_text][\/vc_column][\/mk_page_section][vc_row][vc_column][vc_empty_space height=&#8221;20px&#8221;][\/vc_column][\/vc_row][mk_page_section bg_image=&#8221;https:\/\/eaudemelisse.com\/wp-content\/uploads\/2015\/10\/histoire-img-1.jpg&#8221; bg_position=&#8221;center center&#8221; bg_repeat=&#8221;no-repeat&#8221; bg_stretch=&#8221;true&#8221; expandable=&#8221;true&#8221; expandable_txt=&#8221;1709 &#8211; 1773 &#8211; 1776 &#8211; 1780 &#8221; expandable_icon_size=&#8221;45&#8243; expandable_txt_color=&#8221;#ff4351&#8243; expandable_txt_size=&#8221;34&#8243; full_width=&#8221;true&#8221;][vc_column][vc_column_text el_class=&#8221;dates-text&#8221;]\n<h3>1709-1773-1776-1780<\/h3>\n<p>Lettere reali concesse ai padri Carmelitani Scalzi.[\/vc_column_text][\/vc_column][\/mk_page_section][vc_row][vc_column][vc_empty_space height=&#8221;20px&#8221;][\/vc_column][\/vc_row][mk_page_section bg_image=&#8221;https:\/\/eaudemelisse.com\/wp-content\/uploads\/2015\/10\/histoire-img-2.jpg&#8221; bg_position=&#8221;center center&#8221; bg_repeat=&#8221;no-repeat&#8221; bg_stretch=&#8221;true&#8221; expandable=&#8221;true&#8221; expandable_txt=&#8221;2 sept 1792&#8243; expandable_icon_size=&#8221;45&#8243; expandable_txt_color=&#8221;#ff4351&#8243; expandable_txt_size=&#8221;34&#8243; full_width=&#8221;true&#8221;][vc_column][vc_column_text el_class=&#8221;dates-text&#8221;]\n<h3>2 settembre 1792<\/h3>\n<p>Durante la Rivoluzione francese, i commissari della sezione del Lussemburgo organizzano un finto processo in cui si chiede ad ogni prigioniero di prestare giuramento, ad ogni risposta negativa il prete viene giustiziato: 115 cadaveri vengono ammucchiati nel parco.<\/p>\n<p><a href=\"http:\/\/www.sjdc.fr\" target=\"_blank\">http:\/\/www.sjdc.fr<\/a>[\/vc_column_text][\/vc_column][\/mk_page_section][vc_row][vc_column][vc_empty_space height=&#8221;20px&#8221;][\/vc_column][\/vc_row][mk_page_section bg_image=&#8221;https:\/\/eaudemelisse.com\/wp-content\/uploads\/2015\/10\/histoire-img-3.jpg&#8221; bg_position=&#8221;center center&#8221; bg_repeat=&#8221;no-repeat&#8221; bg_stretch=&#8221;true&#8221; expandable=&#8221;true&#8221; expandable_txt=&#8221;1792&#8243; expandable_icon_size=&#8221;45&#8243; expandable_txt_color=&#8221;#ff4351&#8243; expandable_txt_size=&#8221;34&#8243; full_width=&#8221;true&#8221;][vc_column][vc_column_text el_class=&#8221;dates-text&#8221;]\n<h3>1792<\/h3>\n<p>Alcuni Padri si costituiscono in societ\u00e0 civile e riscattano allo Stato il diritto di fabbricare e vendere l\u2019Eau des Carmes, stabilendosi al numero 14 di rue Taranne.[\/vc_column_text][\/vc_column][\/mk_page_section][vc_row][vc_column][vc_empty_space height=&#8221;20px&#8221;][\/vc_column][\/vc_row][mk_page_section bg_image=&#8221;https:\/\/eaudemelisse.com\/wp-content\/uploads\/2015\/10\/histoire-img-4.jpg&#8221; bg_position=&#8221;center center&#8221; bg_repeat=&#8221;no-repeat&#8221; bg_stretch=&#8221;true&#8221; expandable=&#8221;true&#8221; expandable_txt=&#8221;1838&#8243; expandable_icon_size=&#8221;45&#8243; expandable_txt_color=&#8221;#ff4351&#8243; expandable_txt_size=&#8221;34&#8243; full_width=&#8221;true&#8221;][vc_column][vc_column_text el_class=&#8221;dates-text&#8221;]\n<h3>1838<\/h3>\n<p>Am\u00e9d\u00e9 BOYER acquista la famosa Eau de M\u00e9lisse che ancora oggi appartiene alla stessa famiglia.[\/vc_column_text][\/vc_column][\/mk_page_section][vc_row][vc_column][vc_empty_space height=&#8221;20px&#8221;][\/vc_column][\/vc_row][mk_page_section bg_image=&#8221;https:\/\/eaudemelisse.com\/wp-content\/uploads\/2015\/10\/histoire-img-5.jpg&#8221; bg_position=&#8221;center center&#8221; bg_repeat=&#8221;no-repeat&#8221; bg_stretch=&#8221;true&#8221; expandable=&#8221;true&#8221; expandable_txt=&#8221;1877&#8243; expandable_icon_size=&#8221;45&#8243; expandable_txt_color=&#8221;#ff4351&#8243; expandable_txt_size=&#8221;34&#8243; full_width=&#8221;true&#8221;][vc_column][vc_column_text el_class=&#8221;dates-text&#8221;]\n<h3>1877<\/h3>\n<p>Dopo l&#8217;espropriazione da rue Taranne, l&#8217;antico laboratorio dei Carmelitani viene trasferito in rue de l\u2019Abbaye 14 poi, nel 1950, in rue de l\u2019Abbaye 6.[\/vc_column_text][\/vc_column][\/mk_page_section][vc_row][vc_column][vc_empty_space height=&#8221;20px&#8221;][\/vc_column][\/vc_row][mk_page_section bg_color=&#8221;#cfdfe3&#8243; bg_image=&#8221;https:\/\/eaudemelisse.com\/wp-content\/uploads\/2015\/10\/histoire-1990-2.jpg&#8221; bg_position=&#8221;center center&#8221; bg_repeat=&#8221;no-repeat&#8221; bg_stretch=&#8221;true&#8221; expandable=&#8221;true&#8221; expandable_txt=&#8221;1990&#8243; expandable_icon_size=&#8221;45&#8243; expandable_txt_color=&#8221;#ff4351&#8243; expandable_txt_size=&#8221;34&#8243; full_width=&#8221;true&#8221;][vc_column][vc_column_text el_class=&#8221;dates-text&#8221;]\n<h3>1990<\/h3>\n<p>I laboratori traslocano da Courbevoie a Carri\u00e8res-sur-Seine.<\/p>\n<p>E&#8217; qui che la Casa ricever\u00e0 le piante e le spezie.<\/p>\n[\/vc_column_text][\/vc_column][\/mk_page_section][vc_row][vc_column][vc_empty_space height=&#8221;20px&#8221;][\/vc_column][\/vc_row][mk_page_section bg_color=&#8221;#cfdfe3&#8243; bg_image=&#8221;https:\/\/eaudemelisse.com\/wp-content\/uploads\/2015\/10\/Pont-Alexandre-III.jpg&#8221; bg_position=&#8221;center center&#8221; bg_repeat=&#8221;no-repeat&#8221; bg_stretch=&#8221;true&#8221; color_mask=&#8221;#37747e&#8221; expandable=&#8221;true&#8221; expandable_txt=&#8221;2016&#8243; expandable_icon_size=&#8221;45&#8243; expandable_txt_color=&#8221;#ff4351&#8243; expandable_txt_size=&#8221;34&#8243; full_width=&#8221;true&#8221;][vc_column][vc_column_text el_class=&#8221;dates-text&#8221;]\n<h3>2016<\/h3>\n<p>La Casa tramanda questo know-how ricevendo il marchio &#8220;Entreprises du Patrimoine Vivant&#8221;.<\/p>\n<p>L\u2019azienda viene trasmessa a Jean-Brice Lagourgue che la dirige dal 2007. E&#8217; la sesta generazione\u2026<\/p>\n[\/vc_column_text][\/vc_column][\/mk_page_section][vc_row][vc_column][vc_empty_space height=&#8221;20px&#8221;][\/vc_column][\/vc_row]\n<\/section>","protected":false},"excerpt":{"rendered":"<p>[mk_page_section full_width=&#8221;true&#8221;][vc_column][vc_single_image image=&#8221;343&#8243; img_size=&#8221;full&#8221; alignment=&#8221;center&#8221;][vc_empty_space height=&#8221;25px&#8221;][\/vc_column][\/mk_page_section][mk_page_section bg_color=&#8221;#cfdfe3&#8243; bg_image=&#8221;https:\/\/eaudemelisse.com\/wp-content\/uploads\/2015\/10\/histoire-1611-2.jpg&#8221; bg_position=&#8221;center center&#8221; bg_repeat=&#8221;no-repeat&#8221; bg_stretch=&#8221;true&#8221; expandable=&#8221;true&#8221; expandable_txt=&#8221;1611&#8243; expandable_icon_size=&#8221;45&#8243; expandable_txt_color=&#8221;#ff4351&#8243; expandable_txt_size=&#8221;34&#8243; full_width=&#8221;true&#8221;][vc_column][vc_column_text el_class=&#8221;dates-text&#8221;] 10 maggio 1611 L&#8217;Ordine dei padri Carmelitani Scalzi si stabilisce, sotto la reggenza Maria de Medici, in rue de Vaugirard e in questo stesso anno inizia a fabbricare l\u2019Eau de M\u00e9lisse. Padre Damien \u00e8 il primo [&hellip;]<\/p>\n","protected":false},"author":261,"featured_media":0,"parent":1943,"menu_order":0,"comment_status":"closed","ping_status":"closed","template":"","meta":{"footnotes":""},"class_list":["post-1941","page","type-page","status-publish","hentry"],"aioseo_notices":[],"_links":{"self":[{"href":"https:\/\/eaudemelisse.com\/it\/wp-json\/wp\/v2\/pages\/1941","targetHints":{"allow":["GET"]}}],"collection":[{"href":"https:\/\/eaudemelisse.com\/it\/wp-json\/wp\/v2\/pages"}],"about":[{"href":"https:\/\/eaudemelisse.com\/it\/wp-json\/wp\/v2\/types\/page"}],"author":[{"embeddable":true,"href":"https:\/\/eaudemelisse.com\/it\/wp-json\/wp\/v2\/users\/261"}],"replies":[{"embeddable":true,"href":"https:\/\/eaudemelisse.com\/it\/wp-json\/wp\/v2\/comments?post=1941"}],"version-history":[{"count":0,"href":"https:\/\/eaudemelisse.com\/it\/wp-json\/wp\/v2\/pages\/1941\/revisions"}],"up":[{"embeddable":true,"href":"https:\/\/eaudemelisse.com\/it\/wp-json\/wp\/v2\/pages\/1943"}],"wp:attachment":[{"href":"https:\/\/eaudemelisse.com\/it\/wp-json\/wp\/v2\/media?parent=1941"}],"curies":[{"name":"wp","href":"https:\/\/api.w.org\/{rel}","templated":true}]}}