{"id":6705,"date":"2020-04-08T13:42:15","date_gmt":"2020-04-08T12:42:15","guid":{"rendered":"https:\/\/eaudemelisse.com\/boutique\/solucion-hidroalcoholica\/"},"modified":"2020-04-08T13:42:15","modified_gmt":"2020-04-08T12:42:15","slug":"solucion-hidroalcoholica","status":"publish","type":"product","link":"https:\/\/eaudemelisse.com\/es\/boutique\/solucion-hidroalcoholica\/","title":{"rendered":"SOLUCI\u00d3N HIDROALCOH\u00d3LICA"},"content":{"rendered":"<p><strong>\u00a1El desinfectante de manos que va contigo a todas partes! Acci\u00f3n inmediata:<\/strong><\/p>\n<p>Nuestra soluci\u00f3n hidroalcoh\u00f3lica es indispensable para combatir eficazmente las bacterias, virus y pat\u00f3genos nocivos de las manos.<\/p>\n<p>Dispensa 6-8 gotas de soluci\u00f3n hidroalcoh\u00f3lica en las palmas de las manos y fr\u00f3talas, repartiendo bien el producto por toda la superficie de las manos hasta su total absorci\u00f3n.<\/p>\n<p>Y para mantener una correcta higiene, l\u00e1vate las manos a menudo con nuestra gama de jabones bio certificados.<\/p>\n<p><strong>Precauciones:<\/strong><br \/>\nEvitar el contacto con los ojos<br \/>\nMantener fuera del alcance de los ni\u00f1os<br \/>\nL\u00edquido inflamable: mantener alejado de fuentes de calor y de las llamas<\/p>\n<p><strong>Conservaci\u00f3n antes de abrir:<\/strong><br \/>\nA temperatura ambiente (entre 15\u00b0C y 25\u00b0C): 2 a\u00f1os desde su elaboraci\u00f3n.<\/p>\n","protected":false},"excerpt":{"rendered":"<p>Soluci\u00f3n hidroalcoh\u00f3lica en formato de 40 ml para llevarla contigo a todas partes.<\/p>\n<p><strong>Elimina el 99,9\u00a0% de las bacterias<br \/>\n<\/strong>1 envase de 40 ml para llevar a todas partes = 75 usos de desinfecci\u00f3n<\/p>\n<p>Soluci\u00f3n hidroalcoh\u00f3lica recomendada por la Organizaci\u00f3n Mundial de la Salud para desinfectar las manos\u00a0\u00a0\u00a0\u00a0\u00a0\u00a0\u00a0\u00a0\u00a0\u00a0\u00a0\u00a0\u00a0\u00a0\u00a0\u00a0\u00a0\u00a0\u00a0\u00a0\u00a0\u00a0\u00a0\u00a0\u00a0\u00a0\u00a0\u00a0\u00a0\u00a0\u00a0\u00a0\u00a0\u00a0\u00a0\u00a0\u00a0\u00a0\u00a0\u00a0\u00a0\u00a0\u00a0\u00a0\u00a0\u00a0 \u00a0\u00a0\u00a0\u00a0\u00a0\u00a0\u00a0\u00a0\u00a0\u00a0\u00a0\u00a0\u00a0\u00a0\u00a0\u00a0\u00a0\u00a0\u00a0\u00a0\u00a0\u00a0\u00a0\u00a0\u00a0\u00a0\u00a0Composici\u00f3n: Etanol \u2013 per\u00f3xido de hidr\u00f3geno \u2013 glicerol \u2013 limoneno*<br \/>\nExclusivamente para aplicaci\u00f3n cut\u00e1nea<\/p>\n<p><em>*Procedente naturalmente del aceite esencial<\/em><\/p>\n<p>Fabricado en Francia<\/p>\n","protected":false},"featured_media":7172,"template":"","meta":[],"product_cat":[157],"product_tag":[],"class_list":{"0":"post-6705","1":"product","2":"type-product","3":"status-publish","4":"has-post-thumbnail","6":"product_cat-jardin-simple","8":"first","9":"instock","10":"taxable","11":"shipping-taxable","12":"purchasable","13":"product-type-simple"},"aioseo_notices":[],"_links":{"self":[{"href":"https:\/\/eaudemelisse.com\/es\/wp-json\/wp\/v2\/product\/6705","targetHints":{"allow":["GET"]}}],"collection":[{"href":"https:\/\/eaudemelisse.com\/es\/wp-json\/wp\/v2\/product"}],"about":[{"href":"https:\/\/eaudemelisse.com\/es\/wp-json\/wp\/v2\/types\/product"}],"wp:featuredmedia":[{"embeddable":true,"href":"https:\/\/eaudemelisse.com\/es\/wp-json\/wp\/v2\/media\/7172"}],"wp:attachment":[{"href":"https:\/\/eaudemelisse.com\/es\/wp-json\/wp\/v2\/media?parent=6705"}],"wp:term":[{"taxonomy":"product_cat","embeddable":true,"href":"https:\/\/eaudemelisse.com\/es\/wp-json\/wp\/v2\/product_cat?post=6705"},{"taxonomy":"product_tag","embeddable":true,"href":"https:\/\/eaudemelisse.com\/es\/wp-json\/wp\/v2\/product_tag?post=6705"}],"curies":[{"name":"wp","href":"https:\/\/api.w.org\/{rel}","templated":true}]}}