{"id":6446,"date":"2018-11-22T15:28:29","date_gmt":"2018-11-22T14:28:29","guid":{"rendered":"https:\/\/eaudemelisse.com\/boutique\/jabonera-de-ceramica\/"},"modified":"2018-11-22T15:28:29","modified_gmt":"2018-11-22T14:28:29","slug":"jabonera-de-ceramica","status":"publish","type":"product","link":"https:\/\/eaudemelisse.com\/es\/boutique\/jabonera-de-ceramica\/","title":{"rendered":"JABONERA DE CER\u00c1MICA"},"content":{"rendered":"","protected":false},"excerpt":{"rendered":"<p>Esta jabonera de cer\u00e1mica natural es el recipiente perfecto para los jabones de su cuarto de ba\u00f1o.<br \/>\n\u00danica, fabricada en serie limitada y realizada bajo pedido por un ceramista local ubicado en Par\u00eds.<\/p>\n","protected":false},"featured_media":5044,"template":"","meta":[],"product_cat":[170],"product_tag":[],"class_list":{"0":"post-6446","1":"product","2":"type-product","3":"status-publish","4":"has-post-thumbnail","6":"product_cat-accesorios","8":"first","9":"instock","10":"taxable","11":"shipping-taxable","12":"purchasable","13":"product-type-simple"},"aioseo_notices":[],"_links":{"self":[{"href":"https:\/\/eaudemelisse.com\/es\/wp-json\/wp\/v2\/product\/6446","targetHints":{"allow":["GET"]}}],"collection":[{"href":"https:\/\/eaudemelisse.com\/es\/wp-json\/wp\/v2\/product"}],"about":[{"href":"https:\/\/eaudemelisse.com\/es\/wp-json\/wp\/v2\/types\/product"}],"wp:featuredmedia":[{"embeddable":true,"href":"https:\/\/eaudemelisse.com\/es\/wp-json\/wp\/v2\/media\/5044"}],"wp:attachment":[{"href":"https:\/\/eaudemelisse.com\/es\/wp-json\/wp\/v2\/media?parent=6446"}],"wp:term":[{"taxonomy":"product_cat","embeddable":true,"href":"https:\/\/eaudemelisse.com\/es\/wp-json\/wp\/v2\/product_cat?post=6446"},{"taxonomy":"product_tag","embeddable":true,"href":"https:\/\/eaudemelisse.com\/es\/wp-json\/wp\/v2\/product_tag?post=6446"}],"curies":[{"name":"wp","href":"https:\/\/api.w.org\/{rel}","templated":true}]}}