{"id":6444,"date":"2018-11-22T10:25:23","date_gmt":"2018-11-22T09:25:23","guid":{"rendered":"https:\/\/eaudemelisse.com\/boutique\/caja-cofre-con-4-jabones\/"},"modified":"2018-11-22T10:25:23","modified_gmt":"2018-11-22T09:25:23","slug":"caja-cofre-con-4-jabones","status":"publish","type":"product","link":"https:\/\/eaudemelisse.com\/es\/boutique\/caja-cofre-con-4-jabones\/","title":{"rendered":"CAJA COFRE CON 4 JABONES"},"content":{"rendered":"","protected":false},"excerpt":{"rendered":"<p>Los jabones Note Fra\u00eeche de Eau des Carmes Boyer procuran a toda la familia los beneficios diarios de una correcta hidrataci\u00f3n combinada con el estimulante placer de la melisa.<\/p>\n<p>La Maison Eau des Carmes Boyer ha confeccionado estos excepcionales jabones redescubriendo y revisitando las reglas tradicionales de un procedimiento ancestral, la saponificaci\u00f3n en fr\u00edo. Esta t\u00e9cnica de fabricaci\u00f3n artesanal permite que los jabones mantengan intactas todas sus propiedades hidratantes.<\/p>\n<p>Los jabones Eau de m\u00e9lisse se fabrican de forma artesanal en la jaboner\u00eda de Eau des Crames Boyer. Despu\u00e9s se procede a la verificaci\u00f3n de los lotes y al sellado y envasado en los talleres de Eau des Carmes Boyer.<\/p>\n<p>A modo de garant\u00eda y para dejar constancia de todo el cuidado que hemos prestado durante el proceso, cada jab\u00f3n est\u00e1 numerado a mano.<\/p>\n<p>Lo que lo convierte en un cuidado de aut\u00e9ntico placer.<\/p>\n","protected":false},"featured_media":5136,"template":"","meta":[],"product_cat":[43],"product_tag":[],"class_list":{"0":"post-6444","1":"product","2":"type-product","3":"status-publish","4":"has-post-thumbnail","6":"product_cat-cofres","8":"first","9":"instock","10":"taxable","11":"shipping-taxable","12":"purchasable","13":"product-type-simple"},"aioseo_notices":[],"_links":{"self":[{"href":"https:\/\/eaudemelisse.com\/es\/wp-json\/wp\/v2\/product\/6444","targetHints":{"allow":["GET"]}}],"collection":[{"href":"https:\/\/eaudemelisse.com\/es\/wp-json\/wp\/v2\/product"}],"about":[{"href":"https:\/\/eaudemelisse.com\/es\/wp-json\/wp\/v2\/types\/product"}],"wp:featuredmedia":[{"embeddable":true,"href":"https:\/\/eaudemelisse.com\/es\/wp-json\/wp\/v2\/media\/5136"}],"wp:attachment":[{"href":"https:\/\/eaudemelisse.com\/es\/wp-json\/wp\/v2\/media?parent=6444"}],"wp:term":[{"taxonomy":"product_cat","embeddable":true,"href":"https:\/\/eaudemelisse.com\/es\/wp-json\/wp\/v2\/product_cat?post=6444"},{"taxonomy":"product_tag","embeddable":true,"href":"https:\/\/eaudemelisse.com\/es\/wp-json\/wp\/v2\/product_tag?post=6444"}],"curies":[{"name":"wp","href":"https:\/\/api.w.org\/{rel}","templated":true}]}}