{"id":6443,"date":"2018-11-19T09:45:02","date_gmt":"2018-11-19T08:45:02","guid":{"rendered":"https:\/\/eaudemelisse.com\/boutique\/cerillas-note-fraiche\/"},"modified":"2018-11-19T09:45:02","modified_gmt":"2018-11-19T08:45:02","slug":"cerillas-note-fraiche","status":"publish","type":"product","link":"https:\/\/eaudemelisse.com\/es\/boutique\/cerillas-note-fraiche\/","title":{"rendered":"CERILLAS NOTE-FRA\u00ceCHE"},"content":{"rendered":"<p>Dimensiones de la caja: largo 7,5 cm x ancho 1 cm x altura 11,5 cm; peso 25 gr<\/p>\n","protected":false},"excerpt":{"rendered":"<p>Encienda una vela Note fra\u00eeche, la pipa, los puros, la estufa o la chimenea con nuestras cajas de cerillas con estos 5 temas: Duquesa de Borgo\u00f1a, Cardenal Richelieu, Luis XIV, Carmelita oriental, Padre Dami\u00e1n.<\/p>\n<p>D\u00e9jese tentar por estas 30 cabezas azuladas de madera de \u00e1lamo.<\/p>\n","protected":false},"featured_media":4604,"template":"","meta":[],"product_cat":[170,156],"product_tag":[],"class_list":{"0":"post-6443","1":"product","2":"type-product","3":"status-publish","4":"has-post-thumbnail","6":"product_cat-accesorios","7":"product_cat-jardin-olfativo","9":"first","10":"instock","11":"taxable","12":"shipping-taxable","13":"purchasable","14":"product-type-simple"},"aioseo_notices":[],"_links":{"self":[{"href":"https:\/\/eaudemelisse.com\/es\/wp-json\/wp\/v2\/product\/6443","targetHints":{"allow":["GET"]}}],"collection":[{"href":"https:\/\/eaudemelisse.com\/es\/wp-json\/wp\/v2\/product"}],"about":[{"href":"https:\/\/eaudemelisse.com\/es\/wp-json\/wp\/v2\/types\/product"}],"wp:featuredmedia":[{"embeddable":true,"href":"https:\/\/eaudemelisse.com\/es\/wp-json\/wp\/v2\/media\/4604"}],"wp:attachment":[{"href":"https:\/\/eaudemelisse.com\/es\/wp-json\/wp\/v2\/media?parent=6443"}],"wp:term":[{"taxonomy":"product_cat","embeddable":true,"href":"https:\/\/eaudemelisse.com\/es\/wp-json\/wp\/v2\/product_cat?post=6443"},{"taxonomy":"product_tag","embeddable":true,"href":"https:\/\/eaudemelisse.com\/es\/wp-json\/wp\/v2\/product_tag?post=6443"}],"curies":[{"name":"wp","href":"https:\/\/api.w.org\/{rel}","templated":true}]}}