{"id":6438,"date":"2019-12-05T01:06:14","date_gmt":"2019-12-05T00:06:14","guid":{"rendered":"https:\/\/eaudemelisse.com\/boutique\/eaux-de-parfum-50ml\/"},"modified":"2019-12-05T01:06:14","modified_gmt":"2019-12-05T00:06:14","slug":"eaux-de-parfum-50ml","status":"publish","type":"product","link":"https:\/\/eaudemelisse.com\/es\/boutique\/eaux-de-parfum-50ml\/","title":{"rendered":"Eaux de Parfum 50ml"},"content":{"rendered":"<p>Aplicar el perfume en las zonas de pulso, en las que el cuerpo desprende m\u00e1s calor, es decir, en el interior de las mu\u00f1ecas y detr\u00e1s de las orejas. Tambi\u00e9n puede aplicarse mediante peque\u00f1os toques en el cuello.<\/p>\n<p>El perfume se fija mejor sobre la piel que sobre los tejidos. Por tanto, evitar vaporizar \u00fanicamente sobre la ropa.<\/p>\n","protected":false},"excerpt":{"rendered":"<p>JARD\u00cdN DE SIMPLES<\/p>\n<p>M\u00e1s de 400 a\u00f1os en activo.<br \/>\nFundada en 1611 durante el reinado de Mar\u00eda de M\u00e9dici, Eau des Carmes Boyer est\u00e1 especializada en plantas arom\u00e1ticas, medicinales y para perfumes. Eau de M\u00e9lisse, su elixir emblem\u00e1tico, pervive a lo largo de los siglos sin perder jam\u00e1s ni su prestigio ni su excelencia<\/p>\n<p>DE LAS PLANTAS MEDICINALES A LAS PLANTAS PARA PERFUMES<\/p>\n<p>Sensible a los beneficios olfativos de las plantas y a sus propiedades medicinales, la Maison ha elaborado una gama de eaux de parfum y de brumas perfumadas 100\u00a0% naturales.<br \/>\nProponiendo deliciosas fragancias cuyos aromas reconectan con Oriente.<\/p>\n","protected":false},"featured_media":6138,"template":"","meta":[],"product_cat":[156],"product_tag":[],"class_list":{"0":"post-6438","1":"product","2":"type-product","3":"status-publish","4":"has-post-thumbnail","6":"product_cat-jardin-olfativo","8":"first","9":"instock","10":"taxable","11":"shipping-taxable","12":"purchasable","13":"product-type-variable"},"aioseo_notices":[],"_links":{"self":[{"href":"https:\/\/eaudemelisse.com\/es\/wp-json\/wp\/v2\/product\/6438","targetHints":{"allow":["GET"]}}],"collection":[{"href":"https:\/\/eaudemelisse.com\/es\/wp-json\/wp\/v2\/product"}],"about":[{"href":"https:\/\/eaudemelisse.com\/es\/wp-json\/wp\/v2\/types\/product"}],"wp:featuredmedia":[{"embeddable":true,"href":"https:\/\/eaudemelisse.com\/es\/wp-json\/wp\/v2\/media\/6138"}],"wp:attachment":[{"href":"https:\/\/eaudemelisse.com\/es\/wp-json\/wp\/v2\/media?parent=6438"}],"wp:term":[{"taxonomy":"product_cat","embeddable":true,"href":"https:\/\/eaudemelisse.com\/es\/wp-json\/wp\/v2\/product_cat?post=6438"},{"taxonomy":"product_tag","embeddable":true,"href":"https:\/\/eaudemelisse.com\/es\/wp-json\/wp\/v2\/product_tag?post=6438"}],"curies":[{"name":"wp","href":"https:\/\/api.w.org\/{rel}","templated":true}]}}