{"id":6433,"date":"2019-12-05T15:15:11","date_gmt":"2019-12-05T14:15:11","guid":{"rendered":"https:\/\/eaudemelisse.com\/boutique\/brumas-perfumadas-100-ml\/"},"modified":"2020-03-27T13:03:24","modified_gmt":"2020-03-27T12:03:24","slug":"brumas-perfumadas-100-ml","status":"publish","type":"product","link":"https:\/\/eaudemelisse.com\/es\/boutique\/brumas-perfumadas-100-ml\/","title":{"rendered":"BRUMAS PERFUMADAS 100 ML"},"content":{"rendered":"<p>Vaporizar en el ambiente para cambiar de aire.<\/p>\n","protected":false},"excerpt":{"rendered":"<p>JARD\u00cdN DE SIMPLES<\/p>\n<p>M\u00e1s de 400 a\u00f1os en activo.<br \/>\nFundada en 1611 durante el reinado de Mar\u00eda de M\u00e9dici, Eau des Carmes Boyer est\u00e1 especializada en plantas arom\u00e1ticas, medicinales y para perfumes. Eau de M\u00e9lisse, su elixir emblem\u00e1tico, pervive a lo largo de los siglos sin perder jam\u00e1s ni su prestigio ni su excelencia<\/p>\n<p>DE LAS PLANTAS MEDICINALES A LAS PLANTAS PARA PERFUMES<\/p>\n<p>Sensible a los beneficios olfativos de las plantas y a sus propiedades medicinales, la Maison ha elaborado una gama de eaux de parfum y de brumas perfumadas 100\u00a0% naturales.<br \/>\nProponiendo deliciosas fragancias cuyos aromas reconectan con Oriente.<\/p>\n","protected":false},"featured_media":6082,"template":"","meta":[],"product_cat":[156],"product_tag":[],"class_list":{"0":"post-6433","1":"product","2":"type-product","3":"status-publish","4":"has-post-thumbnail","6":"product_cat-jardin-olfativo","8":"first","9":"instock","10":"taxable","11":"shipping-taxable","12":"purchasable","13":"product-type-variable"},"aioseo_notices":[],"_links":{"self":[{"href":"https:\/\/eaudemelisse.com\/es\/wp-json\/wp\/v2\/product\/6433","targetHints":{"allow":["GET"]}}],"collection":[{"href":"https:\/\/eaudemelisse.com\/es\/wp-json\/wp\/v2\/product"}],"about":[{"href":"https:\/\/eaudemelisse.com\/es\/wp-json\/wp\/v2\/types\/product"}],"wp:featuredmedia":[{"embeddable":true,"href":"https:\/\/eaudemelisse.com\/es\/wp-json\/wp\/v2\/media\/6082"}],"wp:attachment":[{"href":"https:\/\/eaudemelisse.com\/es\/wp-json\/wp\/v2\/media?parent=6433"}],"wp:term":[{"taxonomy":"product_cat","embeddable":true,"href":"https:\/\/eaudemelisse.com\/es\/wp-json\/wp\/v2\/product_cat?post=6433"},{"taxonomy":"product_tag","embeddable":true,"href":"https:\/\/eaudemelisse.com\/es\/wp-json\/wp\/v2\/product_tag?post=6433"}],"curies":[{"name":"wp","href":"https:\/\/api.w.org\/{rel}","templated":true}]}}