{"id":6423,"date":"2018-11-27T09:47:40","date_gmt":"2018-11-27T08:47:40","guid":{"rendered":"https:\/\/eaudemelisse.com\/boutique\/bolso-eau-de-melisse\/"},"modified":"2018-11-27T09:47:40","modified_gmt":"2018-11-27T08:47:40","slug":"bolso-eau-de-melisse","status":"publish","type":"product","link":"https:\/\/eaudemelisse.com\/es\/boutique\/bolso-eau-de-melisse\/","title":{"rendered":"BOLSO EAU DE M\u00c9LISSE"},"content":{"rendered":"","protected":false},"excerpt":{"rendered":"<p>Bolso Eau de M\u00e9lisse en exclusiva en\u00a0<a href=\"https:\/\/eaudemelisse.com\/\">www.eaudemelisse.com<\/a><\/p>\n<p>Formato: 40 cm x 35 cm<br \/>\nAsas largas para llevar al hombro 60 cm x 2,5 cm<\/p>\n<p>Mantenimiento: lavar a mano<br \/>\nSoporte: algod\u00f3n crudo prelavado, grosor 285 gramos<br \/>\n100\u00a0% algod\u00f3n ecol\u00f3gico<br \/>\nSerigraf\u00eda: negro y rojo<\/p>\n<p>Empleamos un procedimiento de fabricaci\u00f3n responsable en una planta con certificaci\u00f3n \u00e9tica<\/p>\n","protected":false},"featured_media":5427,"template":"","meta":[],"product_cat":[170],"product_tag":[],"class_list":{"0":"post-6423","1":"product","2":"type-product","3":"status-publish","4":"has-post-thumbnail","6":"product_cat-accesorios","8":"first","9":"instock","10":"taxable","11":"shipping-taxable","12":"purchasable","13":"product-type-variable"},"aioseo_notices":[],"_links":{"self":[{"href":"https:\/\/eaudemelisse.com\/es\/wp-json\/wp\/v2\/product\/6423","targetHints":{"allow":["GET"]}}],"collection":[{"href":"https:\/\/eaudemelisse.com\/es\/wp-json\/wp\/v2\/product"}],"about":[{"href":"https:\/\/eaudemelisse.com\/es\/wp-json\/wp\/v2\/types\/product"}],"wp:featuredmedia":[{"embeddable":true,"href":"https:\/\/eaudemelisse.com\/es\/wp-json\/wp\/v2\/media\/5427"}],"wp:attachment":[{"href":"https:\/\/eaudemelisse.com\/es\/wp-json\/wp\/v2\/media?parent=6423"}],"wp:term":[{"taxonomy":"product_cat","embeddable":true,"href":"https:\/\/eaudemelisse.com\/es\/wp-json\/wp\/v2\/product_cat?post=6423"},{"taxonomy":"product_tag","embeddable":true,"href":"https:\/\/eaudemelisse.com\/es\/wp-json\/wp\/v2\/product_tag?post=6423"}],"curies":[{"name":"wp","href":"https:\/\/api.w.org\/{rel}","templated":true}]}}