{"id":6240,"date":"2019-12-05T00:46:39","date_gmt":"2019-12-04T23:46:39","guid":{"rendered":"https:\/\/eaudemelisse.com\/boutique\/eau-de-melisse\/"},"modified":"2020-03-27T13:15:15","modified_gmt":"2020-03-27T12:15:15","slug":"eau-de-melisse","status":"publish","type":"product","link":"https:\/\/eaudemelisse.com\/es\/boutique\/eau-de-melisse\/","title":{"rendered":"Eau de M\u00e9lisse"},"content":{"rendered":"<p>Dos a tres gotas son suficientes:<\/p>\n<ul>\n<li>sobre un azucarillo<\/li>\n<li>en un vaso de agua<\/li>\n<li>en grog<\/li>\n<li>en infusi\u00f3n<\/li>\n<\/ul>\n<p>En general, preferentemente tras las comidas a diario para una mejor digesti\u00f3n, pero tambi\u00e9n de viaje contra los mareos.<\/p>\n<p>Frotado sobre una compresa en caso de dolor tras un golpe.<\/p>\n","protected":false},"excerpt":{"rendered":"<p>Reconfortante y t\u00f3nico, ideal contra los trastornos digestivos, el cansancio repentino y los mareos de viaje, la famosa Eau de M\u00e9lisse des Carmes Boyer conjuga los beneficios de 14 plantas medicinales y de 9 especias. Es el producto m\u00e1s antiguo vendido en farmacia.<\/p>\n<p>Su origen es tan remoto que casi se ha convertido en leyenda, y el secreto celosamente guardado de su f\u00f3rmula, que debemos a los monjes de la orden de los Carmelitas Descalzos, se transmite de generaci\u00f3n en generaci\u00f3n desde hace m\u00e1s de 400 a\u00f1os.<\/p>\n<p>Es 100\u00a0% natural y su producci\u00f3n exclusiva en los talleres de Eau des Carmes Boyer sigue siendo totalmente artesanal.<\/p>\n<p>A menudo imitada, nunca igualada, el Eau des Carmes Boyer extrae de la naturaleza su potencia y sabor.<\/p>\n","protected":false},"featured_media":5971,"template":"","meta":[],"product_cat":[157],"product_tag":[],"class_list":{"0":"post-6240","1":"product","2":"type-product","3":"status-publish","4":"has-post-thumbnail","6":"product_cat-jardin-simple","8":"first","9":"instock","10":"taxable","11":"shipping-taxable","12":"purchasable","13":"product-type-variable"},"aioseo_notices":[],"_links":{"self":[{"href":"https:\/\/eaudemelisse.com\/es\/wp-json\/wp\/v2\/product\/6240","targetHints":{"allow":["GET"]}}],"collection":[{"href":"https:\/\/eaudemelisse.com\/es\/wp-json\/wp\/v2\/product"}],"about":[{"href":"https:\/\/eaudemelisse.com\/es\/wp-json\/wp\/v2\/types\/product"}],"wp:featuredmedia":[{"embeddable":true,"href":"https:\/\/eaudemelisse.com\/es\/wp-json\/wp\/v2\/media\/5971"}],"wp:attachment":[{"href":"https:\/\/eaudemelisse.com\/es\/wp-json\/wp\/v2\/media?parent=6240"}],"wp:term":[{"taxonomy":"product_cat","embeddable":true,"href":"https:\/\/eaudemelisse.com\/es\/wp-json\/wp\/v2\/product_cat?post=6240"},{"taxonomy":"product_tag","embeddable":true,"href":"https:\/\/eaudemelisse.com\/es\/wp-json\/wp\/v2\/product_tag?post=6240"}],"curies":[{"name":"wp","href":"https:\/\/api.w.org\/{rel}","templated":true}]}}