{"id":1887,"date":"2015-05-25T16:06:07","date_gmt":"2015-05-25T15:06:07","guid":{"rendered":"http:\/\/eaudemelisse.com\/boutique\/placa-400-anos\/"},"modified":"2020-03-27T13:15:44","modified_gmt":"2020-03-27T12:15:44","slug":"placa-400-anos","status":"publish","type":"product","link":"https:\/\/eaudemelisse.com\/es\/boutique\/placa-400-anos\/","title":{"rendered":"PLACA 400 A\u00d1OS"},"content":{"rendered":"<p>Para colocar en su cocina, cuarto de ba\u00f1o o en el vest\u00edbulo, nuestra placa es adem\u00e1s de un magn\u00edfico reclamo, una pieza \u00fanica, un objeto de decoraci\u00f3n.<\/p>\n","protected":false},"excerpt":{"rendered":"<p>Placa esmaltada del Eau de M\u00e9lisse des Carmes de 1611 a 2011<\/p>\n<p>La aut\u00e9ntica Eau de M\u00e9lisse<\/p>\n<p>Dimensiones: 40 cm x 30 cm<\/p>\n","protected":false},"featured_media":1886,"template":"","meta":[],"product_cat":[170],"product_tag":[],"class_list":{"0":"post-1887","1":"product","2":"type-product","3":"status-publish","4":"has-post-thumbnail","6":"product_cat-accesorios","8":"first","9":"instock","10":"taxable","11":"shipping-taxable","12":"purchasable","13":"product-type-simple"},"aioseo_notices":[],"_links":{"self":[{"href":"https:\/\/eaudemelisse.com\/es\/wp-json\/wp\/v2\/product\/1887","targetHints":{"allow":["GET"]}}],"collection":[{"href":"https:\/\/eaudemelisse.com\/es\/wp-json\/wp\/v2\/product"}],"about":[{"href":"https:\/\/eaudemelisse.com\/es\/wp-json\/wp\/v2\/types\/product"}],"wp:featuredmedia":[{"embeddable":true,"href":"https:\/\/eaudemelisse.com\/es\/wp-json\/wp\/v2\/media\/1886"}],"wp:attachment":[{"href":"https:\/\/eaudemelisse.com\/es\/wp-json\/wp\/v2\/media?parent=1887"}],"wp:term":[{"taxonomy":"product_cat","embeddable":true,"href":"https:\/\/eaudemelisse.com\/es\/wp-json\/wp\/v2\/product_cat?post=1887"},{"taxonomy":"product_tag","embeddable":true,"href":"https:\/\/eaudemelisse.com\/es\/wp-json\/wp\/v2\/product_tag?post=1887"}],"curies":[{"name":"wp","href":"https:\/\/api.w.org\/{rel}","templated":true}]}}