{"id":1881,"date":"2018-11-23T09:56:00","date_gmt":"2018-11-23T08:56:00","guid":{"rendered":"http:\/\/eaudemelisse.com\/boutique\/jabon-note-fraiche-100-gr\/"},"modified":"2020-06-25T09:15:10","modified_gmt":"2020-06-25T08:15:10","slug":"jabon-bio","status":"publish","type":"product","link":"https:\/\/eaudemelisse.com\/es\/boutique\/jabon-bio\/","title":{"rendered":"JAB\u00d3N BIO 100 GR"},"content":{"rendered":"","protected":false},"excerpt":{"rendered":"<p>Los jabones Note Fra\u00eeche de Eau des Carmes Boyer procuran a toda la familia los beneficios diarios de una correcta hidrataci\u00f3n combinada con el estimulante placer de la melisa.<\/p>\n<p>La Maison Eau des Carmes Boyer ha confeccionado estos excepcionales jabones redescubriendo y revisitando las reglas tradicionales de un procedimiento ancestral, la saponificaci\u00f3n en fr\u00edo. Esta t\u00e9cnica de fabricaci\u00f3n artesanal permite que los jabones mantengan intactas todas sus propiedades hidratantes.<\/p>\n<p>Los jabones Eau de m\u00e9lisse se fabrican de forma artesanal en la jaboner\u00eda de Eau des Crames Boyer. Despu\u00e9s se procede a la verificaci\u00f3n de los lotes y al sellado y envasado en los talleres de Eau des Carmes Boyer.<\/p>\n<p>A modo de garant\u00eda y para dejar constancia de todo el cuidado que hemos prestado durante el proceso, cada jab\u00f3n est\u00e1 numerado a mano.<\/p>\n<p>Lo que lo convierte en un cuidado de aut\u00e9ntico placer.<\/p>\n","protected":false},"featured_media":1882,"template":"","meta":[],"product_cat":[156],"product_tag":[],"class_list":{"0":"post-1881","1":"product","2":"type-product","3":"status-publish","4":"has-post-thumbnail","6":"product_cat-jardin-olfativo","8":"first","9":"instock","10":"featured","11":"taxable","12":"shipping-taxable","13":"purchasable","14":"product-type-variable"},"aioseo_notices":[],"_links":{"self":[{"href":"https:\/\/eaudemelisse.com\/es\/wp-json\/wp\/v2\/product\/1881","targetHints":{"allow":["GET"]}}],"collection":[{"href":"https:\/\/eaudemelisse.com\/es\/wp-json\/wp\/v2\/product"}],"about":[{"href":"https:\/\/eaudemelisse.com\/es\/wp-json\/wp\/v2\/types\/product"}],"wp:featuredmedia":[{"embeddable":true,"href":"https:\/\/eaudemelisse.com\/es\/wp-json\/wp\/v2\/media\/1882"}],"wp:attachment":[{"href":"https:\/\/eaudemelisse.com\/es\/wp-json\/wp\/v2\/media?parent=1881"}],"wp:term":[{"taxonomy":"product_cat","embeddable":true,"href":"https:\/\/eaudemelisse.com\/es\/wp-json\/wp\/v2\/product_cat?post=1881"},{"taxonomy":"product_tag","embeddable":true,"href":"https:\/\/eaudemelisse.com\/es\/wp-json\/wp\/v2\/product_tag?post=1881"}],"curies":[{"name":"wp","href":"https:\/\/api.w.org\/{rel}","templated":true}]}}