{"id":1876,"date":"2018-11-27T09:45:15","date_gmt":"2018-11-27T08:45:15","guid":{"rendered":"http:\/\/eaudemelisse.com\/boutique\/melissane-digestiva-20-bolsitas\/"},"modified":"2020-03-27T13:14:48","modified_gmt":"2020-03-27T12:14:48","slug":"tisana-bio-20-bolsitas","status":"publish","type":"product","link":"https:\/\/eaudemelisse.com\/es\/boutique\/tisana-bio-20-bolsitas\/","title":{"rendered":"TISANA BIO 20 BOLSITAS"},"content":{"rendered":"<p>Introducir la bolsita en agua hirviendo y dejar en infusi\u00f3n de 5 a 7 minutos.<\/p>\n<p>Para la relajaci\u00f3n de una pausa de bienestar, al finalizar una comida o en cualquier momento del d\u00eda.<\/p>\n<p>Melisa, Verbena, Hinojo, Tomillo, Or\u00e9gano, Salvia<\/p>\n","protected":false},"excerpt":{"rendered":"<p>Las tisanas de Eau des Carmes Boyer, con activos 100 % naturales, aportan en infusi\u00f3n el placer y los beneficios de la Melisa.<\/p>\n<p>Nuestras tisanas se fabrican de manera artesanal en Buis-les-Barronnies, en el departamento franc\u00e9s de Dr\u00f4me, m\u00e1s tarde se comprueban y se envasan en los talleres de Eau des Carmes Boyer.<\/p>\n","protected":false},"featured_media":4576,"template":"","meta":[],"product_cat":[157],"product_tag":[],"class_list":{"0":"post-1876","1":"product","2":"type-product","3":"status-publish","4":"has-post-thumbnail","6":"product_cat-jardin-simple","8":"first","9":"instock","10":"taxable","11":"shipping-taxable","12":"purchasable","13":"product-type-variable"},"aioseo_notices":[],"_links":{"self":[{"href":"https:\/\/eaudemelisse.com\/es\/wp-json\/wp\/v2\/product\/1876","targetHints":{"allow":["GET"]}}],"collection":[{"href":"https:\/\/eaudemelisse.com\/es\/wp-json\/wp\/v2\/product"}],"about":[{"href":"https:\/\/eaudemelisse.com\/es\/wp-json\/wp\/v2\/types\/product"}],"wp:featuredmedia":[{"embeddable":true,"href":"https:\/\/eaudemelisse.com\/es\/wp-json\/wp\/v2\/media\/4576"}],"wp:attachment":[{"href":"https:\/\/eaudemelisse.com\/es\/wp-json\/wp\/v2\/media?parent=1876"}],"wp:term":[{"taxonomy":"product_cat","embeddable":true,"href":"https:\/\/eaudemelisse.com\/es\/wp-json\/wp\/v2\/product_cat?post=1876"},{"taxonomy":"product_tag","embeddable":true,"href":"https:\/\/eaudemelisse.com\/es\/wp-json\/wp\/v2\/product_tag?post=1876"}],"curies":[{"name":"wp","href":"https:\/\/api.w.org\/{rel}","templated":true}]}}