{"id":1863,"date":"2018-11-27T09:50:11","date_gmt":"2018-11-27T08:50:11","guid":{"rendered":"http:\/\/eaudemelisse.com\/boutique\/melisspray-spray-bucal-15-ml\/"},"modified":"2020-03-27T16:18:22","modified_gmt":"2020-03-27T15:18:22","slug":"melisspray-spray-bucal-15-ml","status":"publish","type":"product","link":"https:\/\/eaudemelisse.com\/es\/boutique\/melisspray-spray-bucal-15-ml\/","title":{"rendered":"M\u00c9LISSPRAY \u2013 SPRAY BUCAL 15 ML"},"content":{"rendered":"<p>M\u00e9lisspray 15 ml<\/p>\n","protected":false},"excerpt":{"rendered":"<p><strong>El Eau de M\u00e9lisse en spray.<\/strong><\/p>\n<p>Aporta un m\u00e1ximo de tonicidad y la garant\u00eda de un aliento siempre fresco.<\/p>\n<p>M\u00e9lisspray contiene toda la potencia del Eau de M\u00e9lisse en un spray, con la frescura de la menta y con el a\u00f1adido de la suavidad de los c\u00edtricos.<\/p>\n<p>Ll\u00e9velo siempre en el bolsillo o en el bolso para mantener su confianza en s\u00ed mismo y para cuando sienta cansancio repentino.<\/p>\n","protected":false},"featured_media":4491,"template":"","meta":[],"product_cat":[157],"product_tag":[],"class_list":{"0":"post-1863","1":"product","2":"type-product","3":"status-publish","4":"has-post-thumbnail","6":"product_cat-jardin-simple","8":"first","9":"instock","10":"taxable","11":"shipping-taxable","12":"purchasable","13":"product-type-simple"},"aioseo_notices":[],"_links":{"self":[{"href":"https:\/\/eaudemelisse.com\/es\/wp-json\/wp\/v2\/product\/1863","targetHints":{"allow":["GET"]}}],"collection":[{"href":"https:\/\/eaudemelisse.com\/es\/wp-json\/wp\/v2\/product"}],"about":[{"href":"https:\/\/eaudemelisse.com\/es\/wp-json\/wp\/v2\/types\/product"}],"wp:featuredmedia":[{"embeddable":true,"href":"https:\/\/eaudemelisse.com\/es\/wp-json\/wp\/v2\/media\/4491"}],"wp:attachment":[{"href":"https:\/\/eaudemelisse.com\/es\/wp-json\/wp\/v2\/media?parent=1863"}],"wp:term":[{"taxonomy":"product_cat","embeddable":true,"href":"https:\/\/eaudemelisse.com\/es\/wp-json\/wp\/v2\/product_cat?post=1863"},{"taxonomy":"product_tag","embeddable":true,"href":"https:\/\/eaudemelisse.com\/es\/wp-json\/wp\/v2\/product_tag?post=1863"}],"curies":[{"name":"wp","href":"https:\/\/api.w.org\/{rel}","templated":true}]}}