{"id":1856,"date":"2018-11-22T10:20:21","date_gmt":"2018-11-22T09:20:21","guid":{"rendered":"http:\/\/eaudemelisse.com\/boutique\/cofre-eau-de-melisse-bienestar-y-note-fraiche\/"},"modified":"2020-03-27T13:17:21","modified_gmt":"2020-03-27T12:17:21","slug":"cofre-bienestar-y-note-fraiche","status":"publish","type":"product","link":"https:\/\/eaudemelisse.com\/es\/boutique\/cofre-bienestar-y-note-fraiche\/","title":{"rendered":"COFRE BIENESTAR Y NOTE FRA\u00ceCHE"},"content":{"rendered":"<p>Es el cofre de regalo ideal para la familia y est\u00e1 a la venta en exclusiva en l\u00ednea.<\/p>\n<p>Incluye:<\/p>\n<ul>\n<li>Eau de melisse \u2013 Frasco doble 10 cl para dejar en casa<\/li>\n<li>Eau de melisse \u2013 Frasco sencillo 5 cl para la oficina<\/li>\n<li>Eau de melisse \u2013 Frasco de bolsillo 4 cl perfecto para llevar de viaje<\/li>\n<li>Eau de melisse \u2013 Melisspray 15 ml para llevar en el bolso o el bolsillo<\/li>\n<li>Tisana Calmante 20 bolsitas por la noche entre semana un relajante<\/li>\n<li>Tisana Digestiva 20 bolsitas el fin de semana despu\u00e9s de una comida<\/li>\n<li>Jab\u00f3n \u00abNote fra\u00eeche\u00bb 100 gr cuidado de las manos, el cuerpo y el rostro<\/li>\n<li>Vela \u00abNote fra\u00eeche\u00bb 185 gr perfuma el hogar<\/li>\n<\/ul>\n<p>(las dimensiones del cofre son: largo 23 cm x ancho 20 cm x 9,5 cm alto)<\/p>\n","protected":false},"excerpt":{"rendered":"<p><strong>Gama 8 productos<\/strong><\/p>\n<p>Eau de melisse \u2013 Frasco doble 10 cl<br \/>\nEau de melisse \u2013 Frasco sencillo 5 cl<br \/>\nEau de melisse \u2013 Frasco de bolsillo 4 cl<br \/>\nEau de melisse \u2013 Melisspray 15 ml<br \/>\nTisana Calmante 20 bolsitas<br \/>\nTisana Digestiva 20 bolsitas<br \/>\nJab\u00f3n \u00abNote fra\u00eeche\u00bb 100 gr<br \/>\nVela \u00abNote fra\u00eeche\u00bb 185 gr<\/p>\n","protected":false},"featured_media":1862,"template":"","meta":[],"product_cat":[43],"product_tag":[],"class_list":{"0":"post-1856","1":"product","2":"type-product","3":"status-publish","4":"has-post-thumbnail","6":"product_cat-cofres","8":"first","9":"instock","10":"taxable","11":"shipping-taxable","12":"purchasable","13":"product-type-simple"},"aioseo_notices":[],"_links":{"self":[{"href":"https:\/\/eaudemelisse.com\/es\/wp-json\/wp\/v2\/product\/1856","targetHints":{"allow":["GET"]}}],"collection":[{"href":"https:\/\/eaudemelisse.com\/es\/wp-json\/wp\/v2\/product"}],"about":[{"href":"https:\/\/eaudemelisse.com\/es\/wp-json\/wp\/v2\/types\/product"}],"wp:featuredmedia":[{"embeddable":true,"href":"https:\/\/eaudemelisse.com\/es\/wp-json\/wp\/v2\/media\/1862"}],"wp:attachment":[{"href":"https:\/\/eaudemelisse.com\/es\/wp-json\/wp\/v2\/media?parent=1856"}],"wp:term":[{"taxonomy":"product_cat","embeddable":true,"href":"https:\/\/eaudemelisse.com\/es\/wp-json\/wp\/v2\/product_cat?post=1856"},{"taxonomy":"product_tag","embeddable":true,"href":"https:\/\/eaudemelisse.com\/es\/wp-json\/wp\/v2\/product_tag?post=1856"}],"curies":[{"name":"wp","href":"https:\/\/api.w.org\/{rel}","templated":true}]}}