{"id":1849,"date":"2015-10-13T14:56:11","date_gmt":"2015-10-13T13:56:11","guid":{"rendered":"http:\/\/eaudemelisse.com\/es\/?page_id=1849"},"modified":"2016-10-04T20:19:33","modified_gmt":"2016-10-04T19:19:33","slug":"prensa","status":"publish","type":"page","link":"https:\/\/eaudemelisse.com\/es\/prensa\/","title":{"rendered":"Prensa"},"content":{"rendered":"<section class=\"wpb-content-wrapper\">[mk_page_section padding=\u00bb10&#8243; full_width=\u00bbtrue\u00bb][vc_column][vc_single_image image=\u00bb2891&#8243; img_size=\u00bbfull\u00bb alignment=\u00bbcenter\u00bb][\/vc_column][\/mk_page_section][vc_row][vc_column][vc_column_text]\n<p style=\"text-align: center;\">Estimada se\u00f1ora, estimado se\u00f1or:<\/p>\n<p style=\"text-align: center;\">Le damos las gracias por el inter\u00e9s demostrado por nuestra Maison.<\/p>\n<p style=\"text-align: center;\">Puede descargar los dossiers de prensa y los visuales desde los siguientes enlaces, y si lo desea, nuestra<\/p>\n<p style=\"text-align: center;\">responsable de prensa se pondr\u00e1 en contacto con usted, no dude en dejarnos sus datos.<\/p>\n<p style=\"text-align: center;\">Quedamos a su disposici\u00f3n para cualquier informaci\u00f3n complementaria.<\/p>\n<p style=\"text-align: center;\">Atentamente,<\/p>\n<p style=\"text-align: center;\">Jean-Brice Lagourgue<\/p>\n<p>&nbsp;<\/p>\n[\/vc_column_text][vc_empty_space height=\u00bb35px\u00bb][vc_column_text animation=\u00bbtop-to-bottom\u00bb el_class=\u00bbdl-press\u00bb]\n<div class=\"press-btn\"><a class=\"dl-btn\" href=\"https:\/\/eaudemelisse.com\/pdf\/pack-shots.zip\">Fotos Pack-shots<\/a><a class=\"dl-btn\" href=\"https:\/\/eaudemelisse.com\/pdf\/pack-presse.zip\">Pack prensa<br \/>\nFotos &amp; logo<\/a><a class=\"dl-btn\" href=\"https:\/\/eaudemelisse.com\/pdf\/dossier-presse\">Dossier de prensa<\/a><a class=\"dl-btn\" href=\"https:\/\/eaudemelisse.com\/es\/prensa\/revue-de-presse\/\">Revista de prensa<\/a><\/div>\n[\/vc_column_text][\/vc_column][\/vc_row]\n<\/section>","protected":false},"excerpt":{"rendered":"<p>[mk_page_section padding=\u00bb10&#8243; full_width=\u00bbtrue\u00bb][vc_column][vc_single_image image=\u00bb2891&#8243; img_size=\u00bbfull\u00bb alignment=\u00bbcenter\u00bb][\/vc_column][\/mk_page_section][vc_row][vc_column][vc_column_text] Estimada se\u00f1ora, estimado se\u00f1or: Le damos las gracias por el inter\u00e9s demostrado por nuestra Maison. Puede descargar los dossiers de prensa y los visuales desde los siguientes enlaces, y si lo desea, nuestra responsable de prensa se pondr\u00e1 en contacto con usted, no dude en dejarnos sus datos. Quedamos [&hellip;]<\/p>\n","protected":false},"author":261,"featured_media":0,"parent":0,"menu_order":0,"comment_status":"closed","ping_status":"closed","template":"","meta":{"footnotes":""},"class_list":["post-1849","page","type-page","status-publish","hentry"],"aioseo_notices":[],"_links":{"self":[{"href":"https:\/\/eaudemelisse.com\/es\/wp-json\/wp\/v2\/pages\/1849","targetHints":{"allow":["GET"]}}],"collection":[{"href":"https:\/\/eaudemelisse.com\/es\/wp-json\/wp\/v2\/pages"}],"about":[{"href":"https:\/\/eaudemelisse.com\/es\/wp-json\/wp\/v2\/types\/page"}],"author":[{"embeddable":true,"href":"https:\/\/eaudemelisse.com\/es\/wp-json\/wp\/v2\/users\/261"}],"replies":[{"embeddable":true,"href":"https:\/\/eaudemelisse.com\/es\/wp-json\/wp\/v2\/comments?post=1849"}],"version-history":[{"count":0,"href":"https:\/\/eaudemelisse.com\/es\/wp-json\/wp\/v2\/pages\/1849\/revisions"}],"wp:attachment":[{"href":"https:\/\/eaudemelisse.com\/es\/wp-json\/wp\/v2\/media?parent=1849"}],"curies":[{"name":"wp","href":"https:\/\/api.w.org\/{rel}","templated":true}]}}