{"id":1845,"date":"2015-10-13T14:55:18","date_gmt":"2015-10-13T13:55:18","guid":{"rendered":"http:\/\/eaudemelisse.com\/es\/?page_id=1845"},"modified":"2016-09-28T12:11:41","modified_gmt":"2016-09-28T11:11:41","slug":"menciones-legales","status":"publish","type":"page","link":"https:\/\/eaudemelisse.com\/es\/menciones-legales\/","title":{"rendered":"Menciones Legales"},"content":{"rendered":"<section class=\"wpb-content-wrapper\">[vc_row el_class=\u00bbml-cgv\u00bb][vc_column][vc_column_text]<strong>Condiciones generales de venta<\/strong><\/p>\n<p>Las presentes condiciones generales rigen las modalidades y condiciones de venta en l\u00ednea por parte de Fma Renouard Larivi\u00e8res &amp; Cie a sus clientes. Cualquier pedido realizado por un cliente implica la aceptaci\u00f3n de pleno derecho y sin reserva de las presentes condiciones. Los datos proporcionados y la confirmaci\u00f3n registrada tendr\u00e1n valor de prueba de la transacci\u00f3n. La confirmaci\u00f3n por email, a m\u00e1s tardar en 24 h de un d\u00eda laborable tras la validaci\u00f3n de su pedido, tendr\u00e1 valor de firma y aceptaci\u00f3n de las operaciones realizadas. El precio de venta de los productos se expresa en euros IVA incluido, excepto gastos de env\u00edo. El pago mediante PAYPAL permite a los compradores pagar en l\u00ednea y al vendedor recibir dicho pago. PAYPAL contribuye a proteger las informaciones relativas a su tarjeta bancaria gracias a los mejores sistemas presentes en el mercado para la seguridad y la prevenci\u00f3n contra el fraude. Cuando utiliza sus datos bancarios, estos no se comunican nunca al vendedor. Las fotograf\u00edas del cat\u00e1logo son lo m\u00e1s fieles posible pero no pueden garantizar una similitud perfecta con el producto propuesto. Cualquier cliente insatisfecho dispone de un plazo de 7 d\u00edas laborables para su retracto. El producto debe ser devuelto en perfecto estado, en su embalaje original, a la direcci\u00f3n de la sociedad. Todos los dise\u00f1os y productos presentes en la web est\u00e1n protegidos por la normativa en vigor sobre los derechos de autor, dibujos, modelos y marcas registradas en todo el mundo. Formas de env\u00edo: Los plazos de entrega \u00fanicamente se dan a modo indicativo, si dichos plazos sobrepasan los sesenta d\u00edas a partir de la realizaci\u00f3n del pedido, el contrato de venta podr\u00e1 ser rescindido y el comprador reembolsado. Todos los pedidos se env\u00edan con La Poste mediante paqueter\u00eda. La participaci\u00f3n en los gastos de env\u00edo incluye los gastos de embalaje as\u00ed como los gastos de transporte. El env\u00edo se realiza en toda Francia metropolitana, Europa (CEE) y a nivel internacional.<\/p>\n<p>&nbsp;<\/p>\n<p><strong>Menciones legales<\/strong><\/p>\n<p>El Establecimiento responsable del servicio, vendedor de los productos ofrecidos a la venta en la web\u00a0<a href=\"https:\/\/eaudemelisse.com\/\">Eaudemelisse.com<\/a>\u00a0es Eau des Carmes Boyer SAS, que cuenta con el derecho de vender una selecci\u00f3n de productos en la red Internet en Francia y en el extranjero.<\/p>\n<p><strong>Productor y Vendedor \u2013 Contacto<\/strong><\/p>\n<p>EAU DES CARMES BOYER<\/p>\n<p>Sociedad por acciones simplificada, con un capital social de 76.700 \u20ac<\/p>\n<p>Sede social: 6 rue de l\u2019abbaye 75006 Par\u00eds<\/p>\n<p>572 226 371 RCS PAR\u00cdS<\/p>\n<p>C.I.F.: 572 226 371 00019<\/p>\n<p>N\u00ba de IVA intracomunitario: FR 52 572 226 371<\/p>\n<p>Tlf.: +33 (0)1 39 14 \u00a088 22<\/p>\n<p>Director de la publicaci\u00f3n: Jean-Brice Lagourgue<\/p>\n<p>Responsable editorial: Olivier Dauchez<\/p>\n<p>Direcci\u00f3n art\u00edstica:\u00a0Olivier Marty<\/p>\n<p>Ilustraciones: Pierre Brissonnet<\/p>\n<p>Fotograf\u00edas: IP-3<\/p>\n<p>Dev.: SB Webmastering<\/p>\n<p>Nuestro Servicio de Atenci\u00f3n al Cliente est\u00e1 a su disposici\u00f3n para responder a sus preguntas.<\/p>\n<p>Puede contactar en cualquier momento por correo electr\u00f3nico, a la siguiente direcci\u00f3n:\u00a0<a href=\"mailto:contact@eaudemelisse.com\">contact@eaudemelisse.com<\/a>[\/vc_column_text][\/vc_column][\/vc_row]\n<\/section>","protected":false},"excerpt":{"rendered":"<p>[vc_row el_class=\u00bbml-cgv\u00bb][vc_column][vc_column_text]Condiciones generales de venta Las presentes condiciones generales rigen las modalidades y condiciones de venta en l\u00ednea por parte de Fma Renouard Larivi\u00e8res &amp; Cie a sus clientes. Cualquier pedido realizado por un cliente implica la aceptaci\u00f3n de pleno derecho y sin reserva de las presentes condiciones. Los datos proporcionados y la confirmaci\u00f3n registrada [&hellip;]<\/p>\n","protected":false},"author":261,"featured_media":0,"parent":0,"menu_order":0,"comment_status":"closed","ping_status":"closed","template":"","meta":{"footnotes":""},"class_list":["post-1845","page","type-page","status-publish","hentry"],"aioseo_notices":[],"_links":{"self":[{"href":"https:\/\/eaudemelisse.com\/es\/wp-json\/wp\/v2\/pages\/1845","targetHints":{"allow":["GET"]}}],"collection":[{"href":"https:\/\/eaudemelisse.com\/es\/wp-json\/wp\/v2\/pages"}],"about":[{"href":"https:\/\/eaudemelisse.com\/es\/wp-json\/wp\/v2\/types\/page"}],"author":[{"embeddable":true,"href":"https:\/\/eaudemelisse.com\/es\/wp-json\/wp\/v2\/users\/261"}],"replies":[{"embeddable":true,"href":"https:\/\/eaudemelisse.com\/es\/wp-json\/wp\/v2\/comments?post=1845"}],"version-history":[{"count":0,"href":"https:\/\/eaudemelisse.com\/es\/wp-json\/wp\/v2\/pages\/1845\/revisions"}],"wp:attachment":[{"href":"https:\/\/eaudemelisse.com\/es\/wp-json\/wp\/v2\/media?parent=1845"}],"curies":[{"name":"wp","href":"https:\/\/api.w.org\/{rel}","templated":true}]}}