{"id":1837,"date":"2015-10-07T15:10:17","date_gmt":"2015-10-07T14:10:17","guid":{"rendered":"http:\/\/eaudemelisse.com\/es\/?page_id=1837"},"modified":"2016-10-04T20:13:00","modified_gmt":"2016-10-04T19:13:00","slug":"las-fechas","status":"publish","type":"page","link":"https:\/\/eaudemelisse.com\/es\/histoire\/las-fechas\/","title":{"rendered":"Las fechas"},"content":{"rendered":"<section class=\"wpb-content-wrapper\">[mk_page_section full_width=\u00bbtrue\u00bb][vc_column][vc_single_image image=\u00bb343&#8243; img_size=\u00bbfull\u00bb alignment=\u00bbcenter\u00bb][vc_empty_space height=\u00bb25px\u00bb][\/vc_column][\/mk_page_section][mk_page_section bg_color=\u00bb#cfdfe3&#8243; bg_image=\u00bbhttps:\/\/eaudemelisse.com\/wp-content\/uploads\/2015\/10\/histoire-1611-2.jpg\u00bb bg_position=\u00bbcenter center\u00bb bg_repeat=\u00bbno-repeat\u00bb bg_stretch=\u00bbtrue\u00bb expandable=\u00bbtrue\u00bb expandable_txt=\u00bb1611&#8243; expandable_icon_size=\u00bb45&#8243; expandable_txt_color=\u00bb#ff4351&#8243; expandable_txt_size=\u00bb34&#8243; full_width=\u00bbtrue\u00bb][vc_column][vc_column_text el_class=\u00bbdates-text\u00bb]\n<h3>10 de mayo de 1611<\/h3>\n<p>Instalaci\u00f3n bajo la regencia de Mar\u00eda de Medici de los RR.\u00a0PP. de la Orden de los Carmelitas Descalzos\u00a0O.C.D en la rue de Vaugirard que desde 1611 fabrican el Eau de M\u00e9lisse.<\/p>\n<p>El Padre Damien es el primero en preparar nuestra composici\u00f3n.<\/p>\n<p><a href=\"http:\/\/www.carmes-paris.org\" target=\"_blank\">http:\/\/www.carmes-paris.org<\/a>[\/vc_column_text][\/vc_column][\/mk_page_section][vc_row][vc_column][vc_empty_space height=\u00bb20px\u00bb][\/vc_column][\/vc_row][mk_page_section bg_image=\u00bbhttps:\/\/eaudemelisse.com\/wp-content\/uploads\/2015\/10\/histoire-img-1.jpg\u00bb bg_position=\u00bbcenter center\u00bb bg_repeat=\u00bbno-repeat\u00bb bg_stretch=\u00bbtrue\u00bb expandable=\u00bbtrue\u00bb expandable_txt=\u00bb1709 &#8211; 1773 &#8211; 1776 &#8211; 1780 \u00bb expandable_icon_size=\u00bb45&#8243; expandable_txt_color=\u00bb#ff4351&#8243; expandable_txt_size=\u00bb34&#8243; full_width=\u00bbtrue\u00bb][vc_column][vc_column_text el_class=\u00bbdates-text\u00bb]\n<h3>1709-1773-1776-1780<\/h3>\n<p>Cartas Reales otorgadas a los RR. PP. Carmelitas.[\/vc_column_text][\/vc_column][\/mk_page_section][vc_row][vc_column][vc_empty_space height=\u00bb20px\u00bb][\/vc_column][\/vc_row][mk_page_section bg_image=\u00bbhttps:\/\/eaudemelisse.com\/wp-content\/uploads\/2015\/10\/histoire-img-2.jpg\u00bb bg_position=\u00bbcenter center\u00bb bg_repeat=\u00bbno-repeat\u00bb bg_stretch=\u00bbtrue\u00bb expandable=\u00bbtrue\u00bb expandable_txt=\u00bb2 sept 1792&#8243; expandable_icon_size=\u00bb45&#8243; expandable_txt_color=\u00bb#ff4351&#8243; expandable_txt_size=\u00bb34&#8243; full_width=\u00bbtrue\u00bb][vc_column][vc_column_text el_class=\u00bbdates-text\u00bb]\n<h3>2 de septiembre de 1792<\/h3>\n<p>En la Revoluci\u00f3n francesa, los comisarios de la secci\u00f3n del Luxemburgo organizan un simulacro de proceso en el que se le solicita a cada prisionero prestar juramento; a cada respuesta negativa el sacerdote es ejecutado: 115 cad\u00e1veres se acumulan en el parque.<\/p>\n<p><a href=\"http:\/\/www.sjdc.fr\" target=\"_blank\">http:\/\/www.sjdc.fr<\/a>[\/vc_column_text][\/vc_column][\/mk_page_section][vc_row][vc_column][vc_empty_space height=\u00bb20px\u00bb][\/vc_column][\/vc_row][mk_page_section bg_image=\u00bbhttps:\/\/eaudemelisse.com\/wp-content\/uploads\/2015\/10\/histoire-img-3.jpg\u00bb bg_position=\u00bbcenter center\u00bb bg_repeat=\u00bbno-repeat\u00bb bg_stretch=\u00bbtrue\u00bb expandable=\u00bbtrue\u00bb expandable_txt=\u00bb1792&#8243; expandable_icon_size=\u00bb45&#8243; expandable_txt_color=\u00bb#ff4351&#8243; expandable_txt_size=\u00bb34&#8243; full_width=\u00bbtrue\u00bb][vc_column][vc_column_text el_class=\u00bbdates-text\u00bb]\n<h3>1792<\/h3>\n<p>Algunos Padres forman una sociedad civil, consiguen que el Estado les devuelva el derecho para fabricar y vender el Eau des Carmes y se establecen en el 14 rue Taranne[\/vc_column_text][\/vc_column][\/mk_page_section][vc_row][vc_column][vc_empty_space height=\u00bb20px\u00bb][\/vc_column][\/vc_row][mk_page_section bg_image=\u00bbhttps:\/\/eaudemelisse.com\/wp-content\/uploads\/2015\/10\/histoire-img-4.jpg\u00bb bg_position=\u00bbcenter center\u00bb bg_repeat=\u00bbno-repeat\u00bb bg_stretch=\u00bbtrue\u00bb expandable=\u00bbtrue\u00bb expandable_txt=\u00bb1838&#8243; expandable_icon_size=\u00bb45&#8243; expandable_txt_color=\u00bb#ff4351&#8243; expandable_txt_size=\u00bb34&#8243; full_width=\u00bbtrue\u00bb][vc_column][vc_column_text el_class=\u00bbdates-text\u00bb]\n<h3>1838<\/h3>\n<p>D. Am\u00e9d\u00e9 BOYER compra la famosa Eau de M\u00e9lisse que en la actualidad sigue perteneciendo a la misma familia[\/vc_column_text][\/vc_column][\/mk_page_section][vc_row][vc_column][vc_empty_space height=\u00bb20px\u00bb][\/vc_column][\/vc_row][mk_page_section bg_image=\u00bbhttps:\/\/eaudemelisse.com\/wp-content\/uploads\/2015\/10\/histoire-img-5.jpg\u00bb bg_position=\u00bbcenter center\u00bb bg_repeat=\u00bbno-repeat\u00bb bg_stretch=\u00bbtrue\u00bb expandable=\u00bbtrue\u00bb expandable_txt=\u00bb1877&#8243; expandable_icon_size=\u00bb45&#8243; expandable_txt_color=\u00bb#ff4351&#8243; expandable_txt_size=\u00bb34&#8243; full_width=\u00bbtrue\u00bb][vc_column][vc_column_text el_class=\u00bbdates-text\u00bb]\n<h3>1877<\/h3>\n<p>Tras la expropiaci\u00f3n del 14 rue Taranne, el antiguo laboratorio de los Carmelitas se traslada al 14 rue de l\u2019Abbaye y m\u00e1s tarde en 1950 al 6 rue de l\u2019Abbaye[\/vc_column_text][\/vc_column][\/mk_page_section][vc_row][vc_column][vc_empty_space height=\u00bb20px\u00bb][\/vc_column][\/vc_row][mk_page_section bg_color=\u00bb#cfdfe3&#8243; bg_image=\u00bbhttps:\/\/eaudemelisse.com\/wp-content\/uploads\/2015\/10\/histoire-1990-2.jpg\u00bb bg_position=\u00bbcenter center\u00bb bg_repeat=\u00bbno-repeat\u00bb bg_stretch=\u00bbtrue\u00bb expandable=\u00bbtrue\u00bb expandable_txt=\u00bb1990&#8243; expandable_icon_size=\u00bb45&#8243; expandable_txt_color=\u00bb#ff4351&#8243; expandable_txt_size=\u00bb34&#8243; full_width=\u00bbtrue\u00bb][vc_column][vc_column_text el_class=\u00bbdates-text\u00bb]\n<h3>1990<\/h3>\n<p>Los talleres de fabricaci\u00f3n se trasladan de Courbevoie a Carrieres-sur-Seine.<\/p>\n<p>Es aqu\u00ed donde recibimos las plantas y las especias.[\/vc_column_text][\/vc_column][\/mk_page_section][vc_row][vc_column][vc_empty_space height=\u00bb20px\u00bb][\/vc_column][\/vc_row][mk_page_section bg_color=\u00bb#cfdfe3&#8243; bg_image=\u00bbhttps:\/\/eaudemelisse.com\/wp-content\/uploads\/2015\/10\/Pont-Alexandre-III.jpg\u00bb bg_position=\u00bbcenter center\u00bb bg_repeat=\u00bbno-repeat\u00bb bg_stretch=\u00bbtrue\u00bb color_mask=\u00bb#37747e\u00bb expandable=\u00bbtrue\u00bb expandable_txt=\u00bb2016&#8243; expandable_icon_size=\u00bb45&#8243; expandable_txt_color=\u00bb#ff4351&#8243; expandable_txt_size=\u00bb34&#8243; full_width=\u00bbtrue\u00bb][vc_column][vc_column_text el_class=\u00bbdates-text\u00bb]\n<h3>2016<\/h3>\n<p>La Maison perpet\u00faa este saber hacer al recibir el sello de calidad Entreprises du Patrimoine Vivant.<\/p>\n<p>La empresa pasa a manos de D. Jean-Brice Lagourgue, que dirige el negocio desde 2007. Es la sexta generaci\u00f3n&#8230;.<\/p>\n[\/vc_column_text][\/vc_column][\/mk_page_section][vc_row][vc_column][vc_empty_space height=\u00bb20px\u00bb][\/vc_column][\/vc_row]\n<\/section>","protected":false},"excerpt":{"rendered":"<p>[mk_page_section full_width=\u00bbtrue\u00bb][vc_column][vc_single_image image=\u00bb343&#8243; img_size=\u00bbfull\u00bb alignment=\u00bbcenter\u00bb][vc_empty_space height=\u00bb25px\u00bb][\/vc_column][\/mk_page_section][mk_page_section bg_color=\u00bb#cfdfe3&#8243; bg_image=\u00bbhttps:\/\/eaudemelisse.com\/wp-content\/uploads\/2015\/10\/histoire-1611-2.jpg\u00bb bg_position=\u00bbcenter center\u00bb bg_repeat=\u00bbno-repeat\u00bb bg_stretch=\u00bbtrue\u00bb expandable=\u00bbtrue\u00bb expandable_txt=\u00bb1611&#8243; expandable_icon_size=\u00bb45&#8243; expandable_txt_color=\u00bb#ff4351&#8243; expandable_txt_size=\u00bb34&#8243; full_width=\u00bbtrue\u00bb][vc_column][vc_column_text el_class=\u00bbdates-text\u00bb] 10 de mayo de 1611 Instalaci\u00f3n bajo la regencia de Mar\u00eda de Medici de los RR.\u00a0PP. de la Orden de los Carmelitas Descalzos\u00a0O.C.D en la rue de Vaugirard que desde 1611 fabrican el Eau de M\u00e9lisse. [&hellip;]<\/p>\n","protected":false},"author":261,"featured_media":0,"parent":1832,"menu_order":0,"comment_status":"closed","ping_status":"closed","template":"","meta":{"footnotes":""},"class_list":["post-1837","page","type-page","status-publish","hentry"],"aioseo_notices":[],"_links":{"self":[{"href":"https:\/\/eaudemelisse.com\/es\/wp-json\/wp\/v2\/pages\/1837","targetHints":{"allow":["GET"]}}],"collection":[{"href":"https:\/\/eaudemelisse.com\/es\/wp-json\/wp\/v2\/pages"}],"about":[{"href":"https:\/\/eaudemelisse.com\/es\/wp-json\/wp\/v2\/types\/page"}],"author":[{"embeddable":true,"href":"https:\/\/eaudemelisse.com\/es\/wp-json\/wp\/v2\/users\/261"}],"replies":[{"embeddable":true,"href":"https:\/\/eaudemelisse.com\/es\/wp-json\/wp\/v2\/comments?post=1837"}],"version-history":[{"count":0,"href":"https:\/\/eaudemelisse.com\/es\/wp-json\/wp\/v2\/pages\/1837\/revisions"}],"up":[{"embeddable":true,"href":"https:\/\/eaudemelisse.com\/es\/wp-json\/wp\/v2\/pages\/1832"}],"wp:attachment":[{"href":"https:\/\/eaudemelisse.com\/es\/wp-json\/wp\/v2\/media?parent=1837"}],"curies":[{"name":"wp","href":"https:\/\/api.w.org\/{rel}","templated":true}]}}