{"id":1830,"date":"2015-10-07T12:14:54","date_gmt":"2015-10-07T11:14:54","guid":{"rendered":"http:\/\/eaudemelisse.com\/es\/?page_id=1830"},"modified":"2020-01-11T14:46:09","modified_gmt":"2020-01-11T13:46:09","slug":"el-saber-hacer","status":"publish","type":"page","link":"https:\/\/eaudemelisse.com\/es\/el-saber-hacer\/","title":{"rendered":"El saber hacer"},"content":{"rendered":"<section class=\"wpb-content-wrapper\">[mk_page_section padding=\u00bb50&#8243; el_class=\u00bbsavoir-faire\u00bb][vc_column width=\u00bb1\/2&#8243;][vc_column_text]\n<h2>Su saber hacer,<\/h2>\n[\/vc_column_text][vc_separator color=\u00bbcustom\u00bb el_width=\u00bb50&#8243; accent_color=\u00bb#004f5a\u00bb][vc_column_text]\n<p style=\"text-align: center;\">seg\u00fan un rito inmutable, las diversas fases de la fabricaci\u00f3n de los productos se desarrollan exactamente igual que en el siglo XVII en nuestros talleres de fabricaci\u00f3n.<\/p>\n<p style=\"text-align: center;\">Una antig\u00fcedad que abarca varios siglos y prestigiosas referencias hist\u00f3ricas, entre las que cabe destacar la de Luis XIV, que quer\u00eda aliviar a las damas de la Corte que sufr\u00edan de vapores, la duquesa de Borgo\u00f1a que recomendaba este cordial, Luis XVI, el Cardenal Richelieu, etc.<\/p>\n[\/vc_column_text][vc_separator color=\u00bbcustom\u00bb el_width=\u00bb50&#8243; accent_color=\u00bb#004f5a\u00bb][\/vc_column][vc_column width=\u00bb1\/2&#8243;][vc_video link=\u00bbhttps:\/\/vimeo.com\/383970150&#8243;][\/vc_column][\/mk_page_section][vc_row][vc_column][vc_empty_space height=\u00bb40px\u00bb][\/vc_column][\/vc_row]\n<\/section>","protected":false},"excerpt":{"rendered":"<p>[mk_page_section padding=\u00bb50&#8243; el_class=\u00bbsavoir-faire\u00bb][vc_column width=\u00bb1\/2&#8243;][vc_column_text] Su saber hacer, [\/vc_column_text][vc_separator color=\u00bbcustom\u00bb el_width=\u00bb50&#8243; accent_color=\u00bb#004f5a\u00bb][vc_column_text] seg\u00fan un rito inmutable, las diversas fases de la fabricaci\u00f3n de los productos se desarrollan exactamente igual que en el siglo XVII en nuestros talleres de fabricaci\u00f3n. Una antig\u00fcedad que abarca varios siglos y prestigiosas referencias hist\u00f3ricas, entre las que cabe destacar la de [&hellip;]<\/p>\n","protected":false},"author":261,"featured_media":0,"parent":0,"menu_order":0,"comment_status":"closed","ping_status":"closed","template":"","meta":{"footnotes":""},"class_list":["post-1830","page","type-page","status-publish","hentry"],"aioseo_notices":[],"_links":{"self":[{"href":"https:\/\/eaudemelisse.com\/es\/wp-json\/wp\/v2\/pages\/1830","targetHints":{"allow":["GET"]}}],"collection":[{"href":"https:\/\/eaudemelisse.com\/es\/wp-json\/wp\/v2\/pages"}],"about":[{"href":"https:\/\/eaudemelisse.com\/es\/wp-json\/wp\/v2\/types\/page"}],"author":[{"embeddable":true,"href":"https:\/\/eaudemelisse.com\/es\/wp-json\/wp\/v2\/users\/261"}],"replies":[{"embeddable":true,"href":"https:\/\/eaudemelisse.com\/es\/wp-json\/wp\/v2\/comments?post=1830"}],"version-history":[{"count":0,"href":"https:\/\/eaudemelisse.com\/es\/wp-json\/wp\/v2\/pages\/1830\/revisions"}],"wp:attachment":[{"href":"https:\/\/eaudemelisse.com\/es\/wp-json\/wp\/v2\/media?parent=1830"}],"curies":[{"name":"wp","href":"https:\/\/api.w.org\/{rel}","templated":true}]}}