{"id":1828,"date":"2015-09-21T09:20:16","date_gmt":"2015-09-21T08:20:16","guid":{"rendered":"http:\/\/eaudemelisse.com\/es\/?page_id=1828"},"modified":"2020-04-28T17:24:00","modified_gmt":"2020-04-28T16:24:00","slug":"inico","status":"publish","type":"page","link":"https:\/\/eaudemelisse.com\/es\/","title":{"rendered":"inico"},"content":{"rendered":"<section class=\"wpb-content-wrapper\">[mk_page_section padding=\u00bb0&#8243; full_width=\u00bbtrue\u00bb][vc_column][vc_row_inner][vc_column_inner][mk_edge_slider order=\u00bbASC\u00bb full_height=\u00bbfalse\u00bb height=\u00bb550&#8243; slideshow_speed=\u00bb3500&#8243; direction_nav=\u00bbfalse\u00bb parallax=\u00bbtrue\u00bb edge_slider_hash=\u00bbfalse\u00bb][vc_empty_space height=\u00bb20px\u00bb][\/vc_column_inner][\/vc_row_inner][vc_row_inner][vc_column_inner width=\u00bb1\/3&#8243;][vc_single_image image=\u00bb2353&#8243; img_size=\u00bbfull\u00bb alignment=\u00bbcenter\u00bb onclick=\u00bbcustom_link\u00bb link=\u00bbhttps:\/\/eaudemelisse.com\/es\/el-saber-hacer\/\u00bb][\/vc_column_inner][vc_column_inner el_class=\u00bbhome-middle-col\u00bb width=\u00bb1\/3&#8243;][vc_single_image image=\u00bb6609&#8243; img_size=\u00bbfull\u00bb alignment=\u00bbcenter\u00bb onclick=\u00bbcustom_link\u00bb link=\u00bbhttps:\/\/eaudemelisse.com\/es\/boutique\/solucion-hidroalcoholica\/\u00bb][\/vc_column_inner][vc_column_inner width=\u00bb1\/3&#8243;][vc_single_image image=\u00bb2373&#8243; img_size=\u00bbfull\u00bb alignment=\u00bbcenter\u00bb onclick=\u00bbcustom_link\u00bb img_link_large=\u00bbhttps:\/\/eaudemelisse.com\/wp-content\/uploads\/2016\/09\/home-magasin.jpg\u00bb link=\u00bbhttps:\/\/eaudemelisse.com\/es\/la-tienda\/\u00bb][\/vc_column_inner][\/vc_row_inner][\/vc_column][\/mk_page_section][mk_page_section full_width=\u00bbtrue\u00bb section_id=\u00bbhistoire\u00bb][vc_column][vc_row_inner][vc_column_inner][vc_single_image image=\u00bb2390&#8243; img_size=\u00bbfull\u00bb alignment=\u00bbcenter\u00bb css_animation=\u00bbtop-to-bottom\u00bb][\/vc_column_inner][\/vc_row_inner][vc_row_inner][vc_column_inner width=\u00bb1\/2&#8243;][mk_image src=\u00bbhttps:\/\/eaudemelisse.com\/wp-content\/uploads\/2015\/09\/ESP-home-histoire-1-copie.jpg\u00bb image_width=\u00bb523&#8243; image_height=\u00bb318&#8243; crop=\u00bbfalse\u00bb hover_style=\u00bbstyle2&#8243; custom_url=\u00bbhttps:\/\/eaudemelisse.com\/es\/histoire\/los-origenes\/\u00bb align=\u00bbcenter\u00bb animation=\u00bbleft-to-right\u00bb][\/vc_column_inner][vc_column_inner width=\u00bb1\/2&#8243;][mk_image src=\u00bbhttps:\/\/eaudemelisse.com\/wp-content\/uploads\/2015\/09\/ESP-home-histoire-2-copie.jpg\u00bb image_width=\u00bb523&#8243; image_height=\u00bb318&#8243; hover_style=\u00bbstyle2&#8243; custom_url=\u00bbhttps:\/\/eaudemelisse.com\/es\/histoire\/las-fechas\/\u00bb align=\u00bbcenter\u00bb animation=\u00bbright-to-left\u00bb][\/vc_column_inner][\/vc_row_inner][\/vc_column][\/mk_page_section][mk_page_section padding=\u00bb0&#8243; full_width=\u00bbtrue\u00bb section_id=\u00bbmagasin\u00bb][vc_column][vc_row_inner][vc_column_inner][vc_single_image image=\u00bb2385&#8243; img_size=\u00bbfull\u00bb alignment=\u00bbcenter\u00bb css_animation=\u00bbtop-to-bottom\u00bb][\/vc_column_inner][\/vc_row_inner][vc_row_inner][vc_column_inner width=\u00bb1\/3&#8243;][vc_single_image image=\u00bb828&#8243; img_size=\u00bbfull\u00bb alignment=\u00bbcenter\u00bb onclick=\u00bbcustom_link\u00bb css_animation=\u00bbleft-to-right\u00bb link=\u00bbhttps:\/\/eaudemelisse.com\/es\/la-tienda\/\u00bb][\/vc_column_inner][vc_column_inner el_class=\u00bbhome-middle-col\u00bb width=\u00bb1\/3&#8243;][vc_single_image image=\u00bb829&#8243; img_size=\u00bbfull\u00bb alignment=\u00bbcenter\u00bb onclick=\u00bbcustom_link\u00bb css_animation=\u00bbbottom-to-top\u00bb link=\u00bbhttps:\/\/eaudemelisse.com\/es\/la-tienda\/\u00bb][\/vc_column_inner][vc_column_inner width=\u00bb1\/3&#8243;][vc_single_image image=\u00bb830&#8243; img_size=\u00bblarge\u00bb alignment=\u00bbcenter\u00bb onclick=\u00bbcustom_link\u00bb css_animation=\u00bbright-to-left\u00bb link=\u00bbhttps:\/\/eaudemelisse.com\/es\/la-tienda\/\u00bb][\/vc_column_inner][\/vc_row_inner][vc_row_inner][vc_column_inner][vc_empty_space height=\u00bb10px\u00bb][\/vc_column_inner][\/vc_row_inner][\/vc_column][\/mk_page_section][mk_page_section full_width=\u00bbtrue\u00bb section_id=\u00bbapothicaire\u00bb][vc_column offset=\u00bbvc_hidden-xs\u00bb][vc_row_inner][vc_column_inner][vc_single_image image=\u00bb2064&#8243; img_size=\u00bbfull\u00bb alignment=\u00bbcenter\u00bb css_animation=\u00bbtop-to-bottom\u00bb][\/vc_column_inner][\/vc_row_inner][mk_portfolio column=\u00bb5&#8243; hover_style=\u00bbzoom-in\u00bb ajax=\u00bbtrue\u00bb height=\u00bb264&#8243; image_quality=\u00bb2&#8243; sortable=\u00bbfalse\u00bb pagination=\u00bbfalse\u00bb pagination_style=\u00bb2&#8243; plus_icon=\u00bbfalse\u00bb permalink_icon=\u00bbfalse\u00bb show_logo=\u00bbfalse\u00bb order=\u00bbASC\u00bb item_id=\u00bb1444148187-5613f3db93121&#8243;][vc_column_text el_class=\u00bbapoth\u00bb]\n<p style=\"text-align: center;\"><a href=\"https:\/\/eaudemelisse.com\/es\/boticario\/\">todas las plantas<\/a><\/p>\n[\/vc_column_text][vc_icon icon_fontawesome=\u00bbfa fa-plus\u00bb color=\u00bbcustom\u00bb size=\u00bbxs\u00bb align=\u00bbcenter\u00bb custom_color=\u00bb#f05361&#8243; link=\u00bburl:http%3A%2F%2Feaudemelisse.com%2Fapothicaire%2F||\u00bb][\/vc_column][\/mk_page_section][mk_page_section padding=\u00bb10&#8243; full_width=\u00bbtrue\u00bb section_id=\u00bbcontact\u00bb][vc_column][vc_row_inner][vc_column_inner][vc_single_image image=\u00bb2381&#8243; img_size=\u00bbfull\u00bb alignment=\u00bbcenter\u00bb][vc_empty_space height=\u00bb20px\u00bb][\/vc_column_inner][\/vc_row_inner][vc_row_inner][vc_column_inner width=\u00bb1\/3&#8243;][mk_fancy_title style=\u00bbunderline\u00bb border_width=\u00bb2&#8243; size=\u00bb16&#8243; color=\u00bb#004f5a\u00bb text_transform=\u00bbuppercase\u00bb font_family=\u00bbnone\u00bb margin_bottom=\u00bb20&#8243; align=\u00bbcenter\u00bb animation=\u00bbfade-in\u00bb]\n<p>PUNTOS DE VENTA<\/p>\n[\/mk_fancy_title][vc_column_text animation=\u00bbtop-to-bottom\u00bb]\n<p style=\"text-align: center;\"><a href=\"https:\/\/www.google.fr\/maps\/search\/pharmacie\/@46.9786501,2.5259121,6.81z\" target=\"_blank\" rel=\"noopener noreferrer\"><img loading=\"lazy\" decoding=\"async\" class=\"alignleft size-full wp-image-872\" src=\"https:\/\/eaudemelisse.com\/wp-content\/uploads\/2015\/09\/home_contact_france.png\" alt=\"home_contact_france\" width=\"106\" height=\"110\" srcset=\"https:\/\/eaudemelisse.com\/wp-content\/uploads\/2015\/09\/home_contact_france.png 106w, https:\/\/eaudemelisse.com\/wp-content\/uploads\/2015\/09\/home_contact_france-768x796.png 768w, https:\/\/eaudemelisse.com\/wp-content\/uploads\/2015\/09\/home_contact_france-600x622.png 600w\" sizes=\"auto, (max-width: 106px) 100vw, 106px\" \/><\/a>Encontrar\u00e1 la lista de las farmacias en las que puede comprar y realizar pedidos de nuestros productos. Tambi\u00e9n puede realizar sus pedidos a trav\u00e9s de la p\u00e1gina<strong><a href=\"https:\/\/eaudemelisse.com\/es\/la-tienda\/\">Tienda<\/a><\/strong><\/p>\n[\/vc_column_text][\/vc_column_inner][vc_column_inner el_class=\u00bbhome-middle-col\u00bb width=\u00bb1\/3&#8243;][mk_fancy_title style=\u00bbunderline\u00bb border_width=\u00bb2&#8243; size=\u00bb16&#8243; color=\u00bb#004f5a\u00bb text_transform=\u00bbuppercase\u00bb font_family=\u00bbnone\u00bb margin_bottom=\u00bb40&#8243; align=\u00bbcenter\u00bb animation=\u00bbfade-in\u00bb]\n<p>CONTACTAR CON NOSOTROS<\/p>\n[\/mk_fancy_title][vc_single_image image=\u00bb2357&#8243; img_size=\u00bbfull\u00bb alignment=\u00bbcenter\u00bb onclick=\u00bbcustom_link\u00bb css_animation=\u00bbtop-to-bottom\u00bb link=\u00bbhttps:\/\/eaudemelisse.com\/es\/contact\/\u00bb][vc_empty_space height=\u00bb100px\u00bb][\/vc_column_inner][vc_column_inner width=\u00bb1\/3&#8243;][mk_fancy_title style=\u00bbunderline\u00bb border_width=\u00bb2&#8243; size=\u00bb16&#8243; color=\u00bb#004f5a\u00bb text_transform=\u00bbuppercase\u00bb font_family=\u00bbnone\u00bb margin_bottom=\u00bb20&#8243; align=\u00bbcenter\u00bb animation=\u00bbfade-in\u00bb]\n<p>Newsletter<\/p>\n[\/mk_fancy_title][vc_column_text animation=\u00bbtop-to-bottom\u00bb]\n<p style=\"text-align: center;\">Au gr\u00e9 des saisons,<br \/>\nsuivez notre actualit\u00e9<\/p>\n[\/vc_column_text][vc_column_text animation=\u00bbtop-to-bottom\u00bb]\n<div id=\"mc_embed_signup\">\n<form id=\"mc-embedded-subscribe-form\" class=\"validate\" action=\"\/\/eaudemelisse.us12.list-manage.com\/subscribe\/post?u=51e2fce2a072ef4edf86a295c&amp;id=7468cbee6d\" method=\"post\" name=\"mc-embedded-subscribe-form\" novalidate=\"\" target=\"_blank\">\n<div id=\"mc_embed_signup_scroll\">\n<div class=\"mc-field-group\" style=\"text-align: center;\"><input id=\"mce-EMAIL\" class=\"required email\" name=\"EMAIL\" type=\"email\" value=\"\" placeholder=\"email\" \/><\/div>\n<p style=\"text-align: center;\"><!-- real people should not fill this in and expect good things - do not remove this or risk form bot signups--><\/p>\n<div style=\"position: absolute; left: -5000px; text-align: center;\"><input tabindex=\"-1\" name=\"b_51e2fce2a072ef4edf86a295c_7468cbee6d\" type=\"text\" value=\"\" \/><\/div>\n<div class=\"clear\" style=\"text-align: center;\"><input id=\"mc-embedded-subscribe\" class=\"button\" name=\"subscribe\" type=\"submit\" value=\"ok\" \/><\/div>\n<\/div>\n<\/form>\n<\/div>\n<p><!--End mc_embed_signup-->[\/vc_column_text][\/vc_column_inner][\/vc_row_inner][\/vc_column][\/mk_page_section]\n<\/section>","protected":false},"excerpt":{"rendered":"<p>[mk_page_section padding=\u00bb0&#8243; full_width=\u00bbtrue\u00bb][vc_column][vc_row_inner][vc_column_inner][mk_edge_slider order=\u00bbASC\u00bb full_height=\u00bbfalse\u00bb height=\u00bb550&#8243; slideshow_speed=\u00bb3500&#8243; direction_nav=\u00bbfalse\u00bb parallax=\u00bbtrue\u00bb edge_slider_hash=\u00bbfalse\u00bb][vc_empty_space height=\u00bb20px\u00bb][\/vc_column_inner][\/vc_row_inner][vc_row_inner][vc_column_inner width=\u00bb1\/3&#8243;][vc_single_image image=\u00bb2353&#8243; img_size=\u00bbfull\u00bb alignment=\u00bbcenter\u00bb onclick=\u00bbcustom_link\u00bb link=\u00bbhttps:\/\/eaudemelisse.com\/es\/el-saber-hacer\/\u00bb][\/vc_column_inner][vc_column_inner el_class=\u00bbhome-middle-col\u00bb width=\u00bb1\/3&#8243;][vc_single_image image=\u00bb6609&#8243; img_size=\u00bbfull\u00bb alignment=\u00bbcenter\u00bb onclick=\u00bbcustom_link\u00bb link=\u00bbhttps:\/\/eaudemelisse.com\/es\/boutique\/solucion-hidroalcoholica\/\u00bb][\/vc_column_inner][vc_column_inner width=\u00bb1\/3&#8243;][vc_single_image image=\u00bb2373&#8243; img_size=\u00bbfull\u00bb alignment=\u00bbcenter\u00bb onclick=\u00bbcustom_link\u00bb img_link_large=\u00bbhttps:\/\/eaudemelisse.com\/wp-content\/uploads\/2016\/09\/home-magasin.jpg\u00bb link=\u00bbhttps:\/\/eaudemelisse.com\/es\/la-tienda\/\u00bb][\/vc_column_inner][\/vc_row_inner][\/vc_column][\/mk_page_section][mk_page_section full_width=\u00bbtrue\u00bb section_id=\u00bbhistoire\u00bb][vc_column][vc_row_inner][vc_column_inner][vc_single_image image=\u00bb2390&#8243; img_size=\u00bbfull\u00bb alignment=\u00bbcenter\u00bb css_animation=\u00bbtop-to-bottom\u00bb][\/vc_column_inner][\/vc_row_inner][vc_row_inner][vc_column_inner width=\u00bb1\/2&#8243;][mk_image src=\u00bbhttps:\/\/eaudemelisse.com\/wp-content\/uploads\/2015\/09\/ESP-home-histoire-1-copie.jpg\u00bb image_width=\u00bb523&#8243; image_height=\u00bb318&#8243; crop=\u00bbfalse\u00bb hover_style=\u00bbstyle2&#8243; custom_url=\u00bbhttps:\/\/eaudemelisse.com\/es\/histoire\/los-origenes\/\u00bb align=\u00bbcenter\u00bb animation=\u00bbleft-to-right\u00bb][\/vc_column_inner][vc_column_inner width=\u00bb1\/2&#8243;][mk_image src=\u00bbhttps:\/\/eaudemelisse.com\/wp-content\/uploads\/2015\/09\/ESP-home-histoire-2-copie.jpg\u00bb image_width=\u00bb523&#8243; image_height=\u00bb318&#8243; hover_style=\u00bbstyle2&#8243; custom_url=\u00bbhttps:\/\/eaudemelisse.com\/es\/histoire\/las-fechas\/\u00bb align=\u00bbcenter\u00bb animation=\u00bbright-to-left\u00bb][\/vc_column_inner][\/vc_row_inner][\/vc_column][\/mk_page_section][mk_page_section padding=\u00bb0&#8243; [&hellip;]<\/p>\n","protected":false},"author":261,"featured_media":0,"parent":0,"menu_order":0,"comment_status":"closed","ping_status":"closed","template":"","meta":{"footnotes":""},"class_list":["post-1828","page","type-page","status-publish","hentry"],"aioseo_notices":[],"_links":{"self":[{"href":"https:\/\/eaudemelisse.com\/es\/wp-json\/wp\/v2\/pages\/1828","targetHints":{"allow":["GET"]}}],"collection":[{"href":"https:\/\/eaudemelisse.com\/es\/wp-json\/wp\/v2\/pages"}],"about":[{"href":"https:\/\/eaudemelisse.com\/es\/wp-json\/wp\/v2\/types\/page"}],"author":[{"embeddable":true,"href":"https:\/\/eaudemelisse.com\/es\/wp-json\/wp\/v2\/users\/261"}],"replies":[{"embeddable":true,"href":"https:\/\/eaudemelisse.com\/es\/wp-json\/wp\/v2\/comments?post=1828"}],"version-history":[{"count":0,"href":"https:\/\/eaudemelisse.com\/es\/wp-json\/wp\/v2\/pages\/1828\/revisions"}],"wp:attachment":[{"href":"https:\/\/eaudemelisse.com\/es\/wp-json\/wp\/v2\/media?parent=1828"}],"curies":[{"name":"wp","href":"https:\/\/api.w.org\/{rel}","templated":true}]}}