{"id":1758,"date":"2015-05-25T15:59:10","date_gmt":"2015-05-25T14:59:10","guid":{"rendered":"http:\/\/eaudemelisse.com\/boutique\/400-years-book\/"},"modified":"2020-03-27T12:04:46","modified_gmt":"2020-03-27T11:04:46","slug":"400-years-book","status":"publish","type":"product","link":"https:\/\/eaudemelisse.com\/en\/boutique\/400-years-book\/","title":{"rendered":"400 YEARS BOOK"},"content":{"rendered":"<div id=\"tab-description\" class=\"panel entry-content wc-tab\">Lire au coin du feu en hivers et en automne, Consulter au bord de l\u2019eau en \u00e9t\u00e9 et au printemps avec toujours un flacon d\u2019Eau de M\u00e9lisse des Carmes Boyer \u00e0 port\u00e9e de main. Le ranger sur votre table basse ou dans votre biblioth\u00e8que apr\u00e8s chaque usage.<\/div>\n","protected":false},"excerpt":{"rendered":"<p>L\u2019Eau de M\u00e9lisse des Carmes de 1611 \u00e0 2011 (Eau de M\u00e9lisse from 1611 to 2011<\/p>\n<p>400 years of benefits)<\/p>\n<p><em>A beautiful plant celebrates its 400 years<\/em><\/p>\n<p>Handmade, Carmes de Boyer Eau de M\u00e9lisse displays its continuing, radiant health. Developed in 1611 by a monk passionate about phytotherapy, this &#8220;stimulating and calming tonic&#8221; is an invitation to travel back in time. The story told here is rooted in the forces of nature and is a witness to a human adventure, and handing it down&#8230;. Enjoy the book.<\/p>\n<p>Jean-Brice Lagourgue<\/p>\n<p>Design and production by Catherine Deydier and Olivier Dauchez &#8211; 93 pages<\/p>\n<p>ISBN: 978-2-7466-3130-4 \u00a0Editions Larivi\u00e8re<\/p>\n","protected":false},"featured_media":1365,"template":"","meta":[],"product_cat":[165],"product_tag":[],"class_list":{"0":"post-1758","1":"product","2":"type-product","3":"status-publish","4":"has-post-thumbnail","6":"product_cat-accessories","8":"first","9":"instock","10":"taxable","11":"shipping-taxable","12":"purchasable","13":"product-type-simple"},"aioseo_notices":[],"_links":{"self":[{"href":"https:\/\/eaudemelisse.com\/en\/wp-json\/wp\/v2\/product\/1758","targetHints":{"allow":["GET"]}}],"collection":[{"href":"https:\/\/eaudemelisse.com\/en\/wp-json\/wp\/v2\/product"}],"about":[{"href":"https:\/\/eaudemelisse.com\/en\/wp-json\/wp\/v2\/types\/product"}],"wp:featuredmedia":[{"embeddable":true,"href":"https:\/\/eaudemelisse.com\/en\/wp-json\/wp\/v2\/media\/1365"}],"wp:attachment":[{"href":"https:\/\/eaudemelisse.com\/en\/wp-json\/wp\/v2\/media?parent=1758"}],"wp:term":[{"taxonomy":"product_cat","embeddable":true,"href":"https:\/\/eaudemelisse.com\/en\/wp-json\/wp\/v2\/product_cat?post=1758"},{"taxonomy":"product_tag","embeddable":true,"href":"https:\/\/eaudemelisse.com\/en\/wp-json\/wp\/v2\/product_tag?post=1758"}],"curies":[{"name":"wp","href":"https:\/\/api.w.org\/{rel}","templated":true}]}}