{"id":1756,"date":"2018-11-19T09:59:24","date_gmt":"2018-11-19T08:59:24","guid":{"rendered":"http:\/\/eaudemelisse.com\/boutique\/eau-de-melisse-note-fraiche-candle-185-gr\/"},"modified":"2020-03-27T12:02:23","modified_gmt":"2020-03-27T11:02:23","slug":"eau-de-melisse-note-fraiche-candle-185-gr","status":"publish","type":"product","link":"https:\/\/eaudemelisse.com\/en\/boutique\/eau-de-melisse-note-fraiche-candle-185-gr\/","title":{"rendered":"Eau de M\u00e9lisse &#8220;Note Fra\u00eeche&#8221; candle 185 gr"},"content":{"rendered":"<p>The Eau de M\u00e9lisse candle is plant wax based and weighs 185 grams. Lit for sequences of one or two hours, they spread their beneficial scent during 50 hours.<\/p>\n<p>Provide a sensation of freshness and well-being.<\/p>\n<p>Lemon balm, cedar, camphor tree leaf, coriander, lavandin, basil, mint, litsea, cinnamon, badian<\/p>\n","protected":false},"excerpt":{"rendered":"<p>The Eau de M\u00e9lisse candle is plant wax based and weighs 185 grams. Lit for sequences of one or two hours, they spread their beneficial scent during 50 hours.<\/p>\n<p>Provide a sensation of freshness and well-being.<\/p>\n<p>Lemon balm, cedar, camphor tree leaf, coriander, lavandin, basil, mint, litsea, cinnamon, badian<\/p>\n","protected":false},"featured_media":1353,"template":"","meta":[],"product_cat":[151],"product_tag":[],"class_list":{"0":"post-1756","1":"product","2":"type-product","3":"status-publish","4":"has-post-thumbnail","6":"product_cat-olfactory-garden","8":"first","9":"instock","10":"taxable","11":"shipping-taxable","12":"purchasable","13":"product-type-simple"},"aioseo_notices":[],"_links":{"self":[{"href":"https:\/\/eaudemelisse.com\/en\/wp-json\/wp\/v2\/product\/1756","targetHints":{"allow":["GET"]}}],"collection":[{"href":"https:\/\/eaudemelisse.com\/en\/wp-json\/wp\/v2\/product"}],"about":[{"href":"https:\/\/eaudemelisse.com\/en\/wp-json\/wp\/v2\/types\/product"}],"wp:featuredmedia":[{"embeddable":true,"href":"https:\/\/eaudemelisse.com\/en\/wp-json\/wp\/v2\/media\/1353"}],"wp:attachment":[{"href":"https:\/\/eaudemelisse.com\/en\/wp-json\/wp\/v2\/media?parent=1756"}],"wp:term":[{"taxonomy":"product_cat","embeddable":true,"href":"https:\/\/eaudemelisse.com\/en\/wp-json\/wp\/v2\/product_cat?post=1756"},{"taxonomy":"product_tag","embeddable":true,"href":"https:\/\/eaudemelisse.com\/en\/wp-json\/wp\/v2\/product_tag?post=1756"}],"curies":[{"name":"wp","href":"https:\/\/api.w.org\/{rel}","templated":true}]}}