{"id":6701,"date":"2020-04-08T13:42:15","date_gmt":"2020-04-08T12:42:15","guid":{"rendered":"https:\/\/eaudemelisse.com\/boutique\/wasser-alkohol-losung\/"},"modified":"2020-04-27T11:27:56","modified_gmt":"2020-04-27T10:27:56","slug":"wasser-alkohol-losung","status":"publish","type":"product","link":"https:\/\/eaudemelisse.com\/de\/boutique\/wasser-alkohol-losung\/","title":{"rendered":"WASSER-ALKOHOL-L\u00d6SUNG"},"content":{"rendered":"<p><strong>Hand-Desinfektionsl\u00f6sung zum \u00fcberall dabei haben! Sofortwirkung:<\/strong><\/p>\n<p>Entdecken Sie unsere praktische Wasser-Alkohol-L\u00f6sung, ein unerl\u00e4ssliches Desinfektionsmittel, das wirksam Bakterien, Viren und Krankheitserreger von Ihren H\u00e4nden entfernt.<\/p>\n<p>Geben Sie 6 bis 8 Tropfen der Wasser-Alkohol-L\u00f6sung in Ihre Hand und verteilen Sie sie durch H\u00e4ndereiben auf der gesamten Hautfl\u00e4che.<\/p>\n<p>F\u00fcr eine optimale Hygiene sollten Sie sich zudem regelm\u00e4\u00dfig die H\u00e4nde mit Seife aus unserem zertifizierten Bio-Seife-Sortiment waschen.<\/p>\n<p><strong>Warnhinweise:<\/strong><br \/>\nVermeiden Sie jeglichen Kontakt mit den Augen<br \/>\nAu\u00dferhalb der Reichweite von Kindern aufbewahren<br \/>\nBrennbare Fl\u00fcssigkeit: von W\u00e4rmequellen und Flammen fernhalten<\/p>\n<p><strong>Aufbewahrung vor dem \u00d6ffnen:<\/strong><br \/>\nBei Raumtemperatur (15\u00b0C bis 25\u00b0C): Bis zu 2 Jahre nach dem Herstellungsdatum.<\/p>\n","protected":false},"excerpt":{"rendered":"<p>Wasser-Alkohol-L\u00f6sung im 40 ml Format f\u00fcr unterwegs.<\/p>\n<p><strong>Entfernt 99,9\u00a0% der Bakterien<br \/>\n<\/strong>1 Flasche im 40 ml Format = 75 Desinfektionsanwendungen<\/p>\n<p>Wasser-Alkohol-L\u00f6sung wird von der Weltgesundheitsorganisation zur Handdesinfektion empfohlen<br \/>\nZusammensetzung: Ethanol \u2013 Wasserstoffperoxid \u2013 Glycerin \u2013 Limonen*<br \/>\nNur zur Anwendung auf der Haut<\/p>\n<p><em>* auf nat\u00fcrliche Weise aus \u00e4therischem \u00d6l gewonnen <\/em><\/p>\n<p>Hergestellt in Frankreich<\/p>\n","protected":false},"featured_media":7168,"template":"","meta":[],"product_cat":[161],"product_tag":[],"class_list":{"0":"post-6701","1":"product","2":"type-product","3":"status-publish","4":"has-post-thumbnail","6":"product_cat-einfacher-garten","8":"first","9":"instock","10":"taxable","11":"shipping-taxable","12":"purchasable","13":"product-type-simple"},"aioseo_notices":[],"_links":{"self":[{"href":"https:\/\/eaudemelisse.com\/de\/wp-json\/wp\/v2\/product\/6701","targetHints":{"allow":["GET"]}}],"collection":[{"href":"https:\/\/eaudemelisse.com\/de\/wp-json\/wp\/v2\/product"}],"about":[{"href":"https:\/\/eaudemelisse.com\/de\/wp-json\/wp\/v2\/types\/product"}],"wp:featuredmedia":[{"embeddable":true,"href":"https:\/\/eaudemelisse.com\/de\/wp-json\/wp\/v2\/media\/7168"}],"wp:attachment":[{"href":"https:\/\/eaudemelisse.com\/de\/wp-json\/wp\/v2\/media?parent=6701"}],"wp:term":[{"taxonomy":"product_cat","embeddable":true,"href":"https:\/\/eaudemelisse.com\/de\/wp-json\/wp\/v2\/product_cat?post=6701"},{"taxonomy":"product_tag","embeddable":true,"href":"https:\/\/eaudemelisse.com\/de\/wp-json\/wp\/v2\/product_tag?post=6701"}],"curies":[{"name":"wp","href":"https:\/\/api.w.org\/{rel}","templated":true}]}}