{"id":6497,"date":"2018-11-27T09:20:29","date_gmt":"2018-11-27T08:20:29","guid":{"rendered":"https:\/\/eaudemelisse.com\/boutique\/teebecher-aus-keramik\/"},"modified":"2018-11-27T09:20:29","modified_gmt":"2018-11-27T08:20:29","slug":"teebecher-aus-keramik","status":"publish","type":"product","link":"https:\/\/eaudemelisse.com\/de\/boutique\/teebecher-aus-keramik\/","title":{"rendered":"Teebecher Aus Keramik"},"content":{"rendered":"","protected":false},"excerpt":{"rendered":"<p>Dieser Teebecher aus Naturkeramik ist das perfekte Trinkgef\u00e4\u00df zum Genie\u00dfen von Kr\u00e4utertees und anderen Getr\u00e4nken.<br \/>\nDie in limitierter Auflage von einem in Paris niedergelassenen Keramiker handgefertigten Teebecher sind von uns in Auftrag gegebene Sonderanfertigungen.<\/p>\n","protected":false},"featured_media":5065,"template":"","meta":[],"product_cat":[166],"product_tag":[],"class_list":{"0":"post-6497","1":"product","2":"type-product","3":"status-publish","4":"has-post-thumbnail","6":"product_cat-zubehor","8":"first","9":"instock","10":"taxable","11":"shipping-taxable","12":"purchasable","13":"product-type-simple"},"aioseo_notices":[],"_links":{"self":[{"href":"https:\/\/eaudemelisse.com\/de\/wp-json\/wp\/v2\/product\/6497","targetHints":{"allow":["GET"]}}],"collection":[{"href":"https:\/\/eaudemelisse.com\/de\/wp-json\/wp\/v2\/product"}],"about":[{"href":"https:\/\/eaudemelisse.com\/de\/wp-json\/wp\/v2\/types\/product"}],"wp:featuredmedia":[{"embeddable":true,"href":"https:\/\/eaudemelisse.com\/de\/wp-json\/wp\/v2\/media\/5065"}],"wp:attachment":[{"href":"https:\/\/eaudemelisse.com\/de\/wp-json\/wp\/v2\/media?parent=6497"}],"wp:term":[{"taxonomy":"product_cat","embeddable":true,"href":"https:\/\/eaudemelisse.com\/de\/wp-json\/wp\/v2\/product_cat?post=6497"},{"taxonomy":"product_tag","embeddable":true,"href":"https:\/\/eaudemelisse.com\/de\/wp-json\/wp\/v2\/product_tag?post=6497"}],"curies":[{"name":"wp","href":"https:\/\/api.w.org\/{rel}","templated":true}]}}