{"id":6496,"date":"2018-11-22T10:25:23","date_gmt":"2018-11-22T09:25:23","guid":{"rendered":"https:\/\/eaudemelisse.com\/boutique\/6496\/"},"modified":"2018-11-22T10:25:23","modified_gmt":"2018-11-22T09:25:23","slug":"6496","status":"publish","type":"product","link":"https:\/\/eaudemelisse.com\/de\/boutique\/6496\/","title":{"rendered":""},"content":{"rendered":"","protected":false},"excerpt":{"rendered":"<p>Die Seifen \u201eNote Fra\u00eeche d\u2019Eau des Carmes Boyer\u201c mit stimulierender Melisse sind ein wohltuendes, intensiv feuchtigkeitsspendendes Produkt zur t\u00e4glichen K\u00f6rperpflege f\u00fcr die ganze Familie.<\/p>\n<p>Durch das Wiederentdecken und \u00dcberarbeiten des traditionellen Herstellungsverfahrens der Kaltverseifung kann Ihnen das Haus Eau des Carmes Boyer heute diese au\u00dfergew\u00f6hnlichen Seifen anbieten. Die handwerkliche Seifenfertigungsmethode erm\u00f6glicht es, dass den Seifen ihre feuchtigkeitsspendende Wirkung vollst\u00e4ndig erhalten bleibt.<\/p>\n<p>Alle \u201eEau de M\u00e9lisse\u201c Seifen werden handwerklich in den Fertigungsst\u00e4tten von Eau des Carmes Boyer hergestellt. Anschlie\u00dfend wird jede Charge kontrolliert, dabei wird jede einzelne Seife in den Fertigungsst\u00e4tten von Eau des Carmes Boyer abgestempelt und verpackt.<\/p>\n<p>Um Ihnen h\u00f6chste Herstellungsqualit\u00e4t zu gew\u00e4hrleisten, nummerieren wir als Ausdruck unseres Qualit\u00e4tsbewusstseins jede Seife von Hand.<\/p>\n<p>Dadurch wird jedes St\u00fcck Seife ein authentisches Pflegeprodukt f\u00fcr die ganze Familie.<\/p>\n","protected":false},"featured_media":5136,"template":"","meta":[],"product_cat":[71],"product_tag":[],"class_list":{"0":"post-6496","1":"product","2":"type-product","3":"status-publish","4":"has-post-thumbnail","6":"product_cat-sets","8":"first","9":"instock","10":"taxable","11":"shipping-taxable","12":"purchasable","13":"product-type-simple"},"aioseo_notices":[],"_links":{"self":[{"href":"https:\/\/eaudemelisse.com\/de\/wp-json\/wp\/v2\/product\/6496","targetHints":{"allow":["GET"]}}],"collection":[{"href":"https:\/\/eaudemelisse.com\/de\/wp-json\/wp\/v2\/product"}],"about":[{"href":"https:\/\/eaudemelisse.com\/de\/wp-json\/wp\/v2\/types\/product"}],"wp:featuredmedia":[{"embeddable":true,"href":"https:\/\/eaudemelisse.com\/de\/wp-json\/wp\/v2\/media\/5136"}],"wp:attachment":[{"href":"https:\/\/eaudemelisse.com\/de\/wp-json\/wp\/v2\/media?parent=6496"}],"wp:term":[{"taxonomy":"product_cat","embeddable":true,"href":"https:\/\/eaudemelisse.com\/de\/wp-json\/wp\/v2\/product_cat?post=6496"},{"taxonomy":"product_tag","embeddable":true,"href":"https:\/\/eaudemelisse.com\/de\/wp-json\/wp\/v2\/product_tag?post=6496"}],"curies":[{"name":"wp","href":"https:\/\/api.w.org\/{rel}","templated":true}]}}