{"id":6480,"date":"2019-12-05T15:27:28","date_gmt":"2019-12-05T14:27:28","guid":{"rendered":"https:\/\/eaudemelisse.com\/boutique\/eaux-de-parfum-100ml\/"},"modified":"2019-12-05T15:27:28","modified_gmt":"2019-12-05T14:27:28","slug":"eaux-de-parfum-100ml","status":"publish","type":"product","link":"https:\/\/eaudemelisse.com\/de\/boutique\/eaux-de-parfum-100ml\/","title":{"rendered":"Eaux de Parfum 100ml"},"content":{"rendered":"<p>Es empfiehlt sich, Parfum an den K\u00f6rperstellen aufzutragen, an denen der Pulsschlag zu sp\u00fcren ist und die viel K\u00f6rperw\u00e4rme abgeben wie z.B. die Innenseite der Handgelenke, hinter den Ohrl\u00e4ppchen&#8230; Sie k\u00f6nnen es auch in kleinen Mengen am Hals auftragen.<\/p>\n<p>Parf\u00fcm h\u00e4lt sich besser auf der Haut als auf Kleidung.\u00a0 Daher sollten Sie es nicht nur auf Ihre Kleidung aufspr\u00fchen.<\/p>\n","protected":false},"excerpt":{"rendered":"<p>HEILPFLANZENGARTEN<\/p>\n<p>Mit einem mehr als 400-j\u00e4hrigen Bestehen.<br \/>\nDas bereits 1611 unter Maria von Medici gegr\u00fcndete Haus Eau des Carmes Boyer ist auf die Verarbeitung von Aroma-, Heil- und Duftpflanzen spezialisiert.\u00a0 Sein ber\u00fchmtes Pflanzenelixier, das als \u201eEau de M\u00e9lisse\u201c bzw. Karmeliterwasser bekannt wurde, hat sich \u00fcber die Jahrhunderte seine herausragende Qualit\u00e4t und sein Prestige bewahrt.<\/p>\n<p>VON HEILPFLANZEN ZU DUFTPFLANZEN<\/p>\n<p>Das Haus, das der wohltuenden Wirkung pflanzlicher Duftstoffe ebenso viel Bedeutung beimisst wie den heilsamen Eigenschaften von Pflanzen, hat eine Kollektion aus 100 % nat\u00fcrlichen Eaux de Parfum und Duftsprays komponiert.<br \/>\nDiese verzaubert Sie mit bet\u00f6renden, teilweise orientalisch anmutenden D\u00fcften.<\/p>\n","protected":false},"featured_media":6190,"template":"","meta":[],"product_cat":[152],"product_tag":[],"class_list":{"0":"post-6480","1":"product","2":"type-product","3":"status-publish","4":"has-post-thumbnail","6":"product_cat-riechgarten","8":"first","9":"instock","10":"taxable","11":"shipping-taxable","12":"purchasable","13":"product-type-variable"},"aioseo_notices":[],"_links":{"self":[{"href":"https:\/\/eaudemelisse.com\/de\/wp-json\/wp\/v2\/product\/6480","targetHints":{"allow":["GET"]}}],"collection":[{"href":"https:\/\/eaudemelisse.com\/de\/wp-json\/wp\/v2\/product"}],"about":[{"href":"https:\/\/eaudemelisse.com\/de\/wp-json\/wp\/v2\/types\/product"}],"wp:featuredmedia":[{"embeddable":true,"href":"https:\/\/eaudemelisse.com\/de\/wp-json\/wp\/v2\/media\/6190"}],"wp:attachment":[{"href":"https:\/\/eaudemelisse.com\/de\/wp-json\/wp\/v2\/media?parent=6480"}],"wp:term":[{"taxonomy":"product_cat","embeddable":true,"href":"https:\/\/eaudemelisse.com\/de\/wp-json\/wp\/v2\/product_cat?post=6480"},{"taxonomy":"product_tag","embeddable":true,"href":"https:\/\/eaudemelisse.com\/de\/wp-json\/wp\/v2\/product_tag?post=6480"}],"curies":[{"name":"wp","href":"https:\/\/api.w.org\/{rel}","templated":true}]}}