{"id":6223,"date":"2019-12-05T00:46:39","date_gmt":"2019-12-04T23:46:39","guid":{"rendered":"https:\/\/eaudemelisse.com\/boutique\/eau-de-melisse\/"},"modified":"2020-03-27T18:14:16","modified_gmt":"2020-03-27T17:14:16","slug":"eau-de-melisse","status":"publish","type":"product","link":"https:\/\/eaudemelisse.com\/de\/boutique\/eau-de-melisse\/","title":{"rendered":"Eau de M\u00e9lisse"},"content":{"rendered":"<p>Nicht mehr als zwei bis drei Tropfen:<\/p>\n<ul>\n<li>auf ein St\u00fcck Zucker<\/li>\n<li>in ein Glas Wasser<\/li>\n<li>als Grog<\/li>\n<li>als Tee<\/li>\n<\/ul>\n<p>Im Allgemeinen jeden Tag m\u00f6glichst nach dem Essen zur Anregung der Verdauung oder auch gegen Reise\u00fcbelkeit einnehmen.<\/p>\n<p>Wenn Sie sich gesto\u00dfen haben, auf eine Kompresse geben und \u00fcber die schmerzende Stelle reiben.<\/p>\n","protected":false},"excerpt":{"rendered":"<p>Das ber\u00fchmte Karmeliterwasser \u201eEau de M\u00e9lisse des Carmes Boyer\u201c ist kr\u00e4ftigend und belebend und ideal gegen Verdauungsst\u00f6rungen, Abgeschlagenheit und Reise\u00fcbelkeit. Es vereint in sich die Kraft von vierzehn Heilpflanzen und neun Gew\u00fcrzen. Es handelt sich um das \u00e4lteste in der Apotheke erh\u00e4ltliche Produkt.<\/p>\n","protected":false},"featured_media":5967,"template":"","meta":[],"product_cat":[161],"product_tag":[],"class_list":{"0":"post-6223","1":"product","2":"type-product","3":"status-publish","4":"has-post-thumbnail","6":"product_cat-einfacher-garten","8":"first","9":"instock","10":"taxable","11":"shipping-taxable","12":"purchasable","13":"product-type-variable"},"aioseo_notices":[],"_links":{"self":[{"href":"https:\/\/eaudemelisse.com\/de\/wp-json\/wp\/v2\/product\/6223","targetHints":{"allow":["GET"]}}],"collection":[{"href":"https:\/\/eaudemelisse.com\/de\/wp-json\/wp\/v2\/product"}],"about":[{"href":"https:\/\/eaudemelisse.com\/de\/wp-json\/wp\/v2\/types\/product"}],"wp:featuredmedia":[{"embeddable":true,"href":"https:\/\/eaudemelisse.com\/de\/wp-json\/wp\/v2\/media\/5967"}],"wp:attachment":[{"href":"https:\/\/eaudemelisse.com\/de\/wp-json\/wp\/v2\/media?parent=6223"}],"wp:term":[{"taxonomy":"product_cat","embeddable":true,"href":"https:\/\/eaudemelisse.com\/de\/wp-json\/wp\/v2\/product_cat?post=6223"},{"taxonomy":"product_tag","embeddable":true,"href":"https:\/\/eaudemelisse.com\/de\/wp-json\/wp\/v2\/product_tag?post=6223"}],"curies":[{"name":"wp","href":"https:\/\/api.w.org\/{rel}","templated":true}]}}