{"id":2637,"date":"2015-05-25T15:59:10","date_gmt":"2015-05-25T14:59:10","guid":{"rendered":"http:\/\/eaudemelisse.com\/boutique\/buch-400-jahre\/"},"modified":"2020-03-27T18:17:42","modified_gmt":"2020-03-27T17:17:42","slug":"buch-400-jahre","status":"publish","type":"product","link":"https:\/\/eaudemelisse.com\/de\/boutique\/buch-400-jahre\/","title":{"rendered":"BUCH 400 JAHRE"},"content":{"rendered":"<p>L\u2019Eau de M\u00e9lisse des Carmes von 1611 bis 2011<\/p>\n<p>400 Jahre wohltuende Wirkung<\/p>\n<p><em>Eine wunderbare Pflanze feiert 400-j\u00e4hriges Jubil\u00e4um<\/em><\/p>\n<p>Das traditionell hergestellte Eau de M\u00e9lisse des Carmes Boyer wird heute noch genauso gesch\u00e4tzt wiefr\u00fcher. Dieses stimulierende, beruhigende St\u00e4rkungsmittel wurde 1611 von einem Arzt entwickelt, der sich intensiv mit Phytotherapie befasste. Es l\u00e4dt ein zu einer Reise durch die Zeit. Dieses Buch erz\u00e4hlt die Geschichte eines menschlichen Abenteuers und alt \u00fcberliefertem Wissens, das in der Kraft der Natur wurzelt. Viel Spa\u00df beim Lesen!.<\/p>\n<p>Jean-Brice Lagourgue<\/p>\n<p>Gestaltung und Herstellung Catherine Deydier und Olivier Dauchez \u2013 93 Seiten<\/p>\n<p>ISBN: 978-2-7466-3130-4 \u00a0Editions Larivi\u00e8re<\/p>\n","protected":false},"excerpt":{"rendered":"<p>L\u2019Eau de M\u00e9lisse des Carmes von 1611 bis 2011<\/p>\n<p>400 Jahre wohltuende Wirkung<\/p>\n<p><em>Eine wunderbare Pflanze feiert 400-j\u00e4hriges Jubil\u00e4um<\/em><\/p>\n<p>Das traditionell hergestellte Eau de M\u00e9lisse des Carmes Boyer wird heute noch genauso gesch\u00e4tzt wiefr\u00fcher. Dieses stimulierende, beruhigende St\u00e4rkungsmittel wurde 1611 von einem Arzt entwickelt, der sich intensiv mit Phytotherapie befasste. Es l\u00e4dt ein zu einer Reise durch die Zeit. Dieses Buch erz\u00e4hlt die Geschichte eines menschlichen Abenteuers und alt \u00fcberliefertem Wissens, das in der Kraft der Natur wurzelt. Viel Spa\u00df beim Lesen!.<\/p>\n<p>Jean-Brice Lagourgue<\/p>\n<p>Gestaltung und Herstellung Catherine Deydier und Olivier Dauchez \u2013 93 Seiten<\/p>\n<p>ISBN: 978-2-7466-3130-4 \u00a0Editions Larivi\u00e8re<\/p>\n","protected":false},"featured_media":2638,"template":"","meta":[],"product_cat":[166],"product_tag":[],"class_list":{"0":"post-2637","1":"product","2":"type-product","3":"status-publish","4":"has-post-thumbnail","6":"product_cat-zubehor","8":"first","9":"instock","10":"taxable","11":"shipping-taxable","12":"purchasable","13":"product-type-simple"},"aioseo_notices":[],"_links":{"self":[{"href":"https:\/\/eaudemelisse.com\/de\/wp-json\/wp\/v2\/product\/2637","targetHints":{"allow":["GET"]}}],"collection":[{"href":"https:\/\/eaudemelisse.com\/de\/wp-json\/wp\/v2\/product"}],"about":[{"href":"https:\/\/eaudemelisse.com\/de\/wp-json\/wp\/v2\/types\/product"}],"wp:featuredmedia":[{"embeddable":true,"href":"https:\/\/eaudemelisse.com\/de\/wp-json\/wp\/v2\/media\/2638"}],"wp:attachment":[{"href":"https:\/\/eaudemelisse.com\/de\/wp-json\/wp\/v2\/media?parent=2637"}],"wp:term":[{"taxonomy":"product_cat","embeddable":true,"href":"https:\/\/eaudemelisse.com\/de\/wp-json\/wp\/v2\/product_cat?post=2637"},{"taxonomy":"product_tag","embeddable":true,"href":"https:\/\/eaudemelisse.com\/de\/wp-json\/wp\/v2\/product_tag?post=2637"}],"curies":[{"name":"wp","href":"https:\/\/api.w.org\/{rel}","templated":true}]}}