{"id":2629,"date":"2018-11-27T09:45:15","date_gmt":"2018-11-27T08:45:15","guid":{"rendered":"http:\/\/eaudemelisse.com\/boutique\/verdauungsfoerdernder-kraeutertee-melissane-digestive-20-beutel\/"},"modified":"2020-03-27T18:21:05","modified_gmt":"2020-03-27T17:21:05","slug":"bio-kraeutertee","status":"publish","type":"product","link":"https:\/\/eaudemelisse.com\/de\/boutique\/bio-kraeutertee\/","title":{"rendered":"Bio-Kr\u00e4utertee 20 beutel"},"content":{"rendered":"","protected":false},"excerpt":{"rendered":"<p>Die Kr\u00e4utertees von Eau des Carmes Boyer mit 100 % nat\u00fcrlichen Inhaltsstoffen sind wohlschmeckend und entfalten die wohltuende Wirkung von Melisse.<\/p>\n<p>Unsere Kr\u00e4utertees werden handwerklich in Buis-les-Barronnies im franz\u00f6sischen D\u00e9partement Dr\u00f4me hergestellt und in den Fertigungsst\u00e4tten von Eau des Carmes Boyer gepr\u00fcft und verpackt.<\/p>\n","protected":false},"featured_media":4572,"template":"","meta":[],"product_cat":[161],"product_tag":[],"class_list":{"0":"post-2629","1":"product","2":"type-product","3":"status-publish","4":"has-post-thumbnail","6":"product_cat-einfacher-garten","8":"first","9":"instock","10":"taxable","11":"shipping-taxable","12":"purchasable","13":"product-type-variable"},"aioseo_notices":[],"_links":{"self":[{"href":"https:\/\/eaudemelisse.com\/de\/wp-json\/wp\/v2\/product\/2629","targetHints":{"allow":["GET"]}}],"collection":[{"href":"https:\/\/eaudemelisse.com\/de\/wp-json\/wp\/v2\/product"}],"about":[{"href":"https:\/\/eaudemelisse.com\/de\/wp-json\/wp\/v2\/types\/product"}],"wp:featuredmedia":[{"embeddable":true,"href":"https:\/\/eaudemelisse.com\/de\/wp-json\/wp\/v2\/media\/4572"}],"wp:attachment":[{"href":"https:\/\/eaudemelisse.com\/de\/wp-json\/wp\/v2\/media?parent=2629"}],"wp:term":[{"taxonomy":"product_cat","embeddable":true,"href":"https:\/\/eaudemelisse.com\/de\/wp-json\/wp\/v2\/product_cat?post=2629"},{"taxonomy":"product_tag","embeddable":true,"href":"https:\/\/eaudemelisse.com\/de\/wp-json\/wp\/v2\/product_tag?post=2629"}],"curies":[{"name":"wp","href":"https:\/\/api.w.org\/{rel}","templated":true}]}}