{"id":2609,"date":"2018-11-22T10:20:21","date_gmt":"2018-11-22T09:20:21","guid":{"rendered":"http:\/\/eaudemelisse.com\/boutique\/set-eau-de-melisse-bien-etre-note-fraiche\/"},"modified":"2020-03-27T18:21:47","modified_gmt":"2020-03-27T17:21:47","slug":"set-bien-etre-note-fraiche","status":"publish","type":"product","link":"https:\/\/eaudemelisse.com\/de\/boutique\/set-bien-etre-note-fraiche\/","title":{"rendered":"Set \u201eBIEN \u00caTRE &#038; NOTE FRA\u00ceCHE\u201c"},"content":{"rendered":"<p>Das ideale Geschenkset f\u00fcr die ganze Familie! Nur im Online-Shop erh\u00e4ltlich!<\/p>\n<p>Es umfasst:<\/p>\n<p>Eau de melisse \u2013 10 cl-Flasche (gro\u00df) f\u00fcr zu Hause<br \/>\nEau de melisse \u2013 5 cl-Flasche (klein) f\u00fcrs B\u00fcro<br \/>\nEau de melisse \u2013 Taschenformat 4 cl, ideal auf Reisen<br \/>\nEau de melisse \u2013 Melisspray 15 ml, zum Einstecken oder f\u00fcr die Handtasche<br \/>\nBeruhigender Kr\u00e4utertee \u201eTisaneApaisante\u201c, 20 Beutel. Entspannung abends unter der Woche<br \/>\nVerdauungsf\u00f6rdernder Kr\u00e4utertee \u201eTisane Digestive\u201c, 20 Beutel. Ideal am Wochenende nach dem Essen<br \/>\nSeife \u201eNote fra\u00eeche\u201c, 100 g, zur Pflege von H\u00e4nden, K\u00f6rper und Gesicht<br \/>\nKerze \u201eNote fra\u00eeche\u201c, 185 g. Wohliger Duft f\u00fcr zu Hause<\/p>\n<p>(Die Box hat folgende Gr\u00f6\u00dfe: 23 cm L\u00e4nge x 20 cm Breite x 9,5 cm H\u00f6he)<\/p>\n","protected":false},"excerpt":{"rendered":"<p><strong>Ein Sortiment mit 8 Produkten<\/strong><\/p>\n<p>Eau de melisse \u2013 Flasche (gro\u00df) 10 cl<br \/>\nEau de melisse \u2013 Flasche (klein) 5 cl<br \/>\nEau de melisse \u2013 Taschenformat 4 cl<br \/>\nEau de melisse \u2013 Melisspray 15 ml<br \/>\nBeruhigender Kr\u00e4utertee \u201eTisane Apaisante\u201c 20 Beutel<br \/>\nVerdauungsf\u00f6rdernder Kr\u00e4utertee \u201eTisane Digestive\u201c 20 Beutel<br \/>\nSeife \u201eNote fra\u00eeche\u201c100 g<br \/>\nKerze \u201eNote fra\u00eeche\u201c185 g<\/p>\n","protected":false},"featured_media":2615,"template":"","meta":[],"product_cat":[71],"product_tag":[],"class_list":{"0":"post-2609","1":"product","2":"type-product","3":"status-publish","4":"has-post-thumbnail","6":"product_cat-sets","8":"first","9":"instock","10":"taxable","11":"shipping-taxable","12":"purchasable","13":"product-type-simple"},"aioseo_notices":[],"_links":{"self":[{"href":"https:\/\/eaudemelisse.com\/de\/wp-json\/wp\/v2\/product\/2609","targetHints":{"allow":["GET"]}}],"collection":[{"href":"https:\/\/eaudemelisse.com\/de\/wp-json\/wp\/v2\/product"}],"about":[{"href":"https:\/\/eaudemelisse.com\/de\/wp-json\/wp\/v2\/types\/product"}],"wp:featuredmedia":[{"embeddable":true,"href":"https:\/\/eaudemelisse.com\/de\/wp-json\/wp\/v2\/media\/2615"}],"wp:attachment":[{"href":"https:\/\/eaudemelisse.com\/de\/wp-json\/wp\/v2\/media?parent=2609"}],"wp:term":[{"taxonomy":"product_cat","embeddable":true,"href":"https:\/\/eaudemelisse.com\/de\/wp-json\/wp\/v2\/product_cat?post=2609"},{"taxonomy":"product_tag","embeddable":true,"href":"https:\/\/eaudemelisse.com\/de\/wp-json\/wp\/v2\/product_tag?post=2609"}],"curies":[{"name":"wp","href":"https:\/\/api.w.org\/{rel}","templated":true}]}}