{"id":2604,"date":"2018-11-22T10:15:13","date_gmt":"2018-11-22T09:15:13","guid":{"rendered":"http:\/\/eaudemelisse.com\/boutique\/set-eau-de-melisse-pflege-fuer-die-ganze-familie\/"},"modified":"2020-03-27T18:19:25","modified_gmt":"2020-03-27T17:19:25","slug":"set-pflege-fuer-die-ganze-familie","status":"publish","type":"product","link":"https:\/\/eaudemelisse.com\/de\/boutique\/set-pflege-fuer-die-ganze-familie\/","title":{"rendered":"SET \u2013 PFLEGE F\u00dcR DIE GANZE FAMILIE"},"content":{"rendered":"<p>Das ideale Geschenkset f\u00fcr die ganze Familie! Nur im Online-Shop erh\u00e4ltlich!<\/p>\n<p>Es umfasst:<\/p>\n<p>Eau de melisse \u2013 Flasche (gro\u00df) 5 cl f\u00fcr zu Hause<br \/>\nEau de melisse \u2013 Flasche (klein) 5 cl zum Mitnehmen ins B\u00fcro<br \/>\nEau de melisse \u2013 Taschenformat 4 cl ideal auf Reisen<br \/>\nEau de melisse \u2013 Melisspray 15 ml zum Einstecken oder f\u00fcr die Handtasche<br \/>\nBeruhigender Kr\u00e4utertee \u201eTisane Apaisante\u201c, 20 Beutel. Entspannung abends unter der Woche<br \/>\nVerdauungsf\u00f6rdernder Kr\u00e4utertee \u201eTisane Digestive\u201c, 20 Beutel. Ideal am Wochenende nach dem Essen<br \/>\nSeife \u201eNote fra\u00eeche\u201c, 100 g, zur Pflege von H\u00e4nden, K\u00f6rper und Gesicht<br \/>\nKerze \u201eNote fra\u00eeche\u201c, 185 g. Wohliger Duft f\u00fcr zu Hause<\/p>\n","protected":false},"excerpt":{"rendered":"<p><strong>Ein Sortiment mit 6 Produkten<\/strong><\/p>\n<p>Eau de melisse \u2013 Flasche (gro\u00df) 10 cl<br \/>\nEau de melisse \u2013 Flasche (klein) 5 cl<br \/>\nEau de melisse\u2013Taschenformat 4 cl<br \/>\nEau de melisse\u2013Melisspray 15 ml<br \/>\nBeruhigender Kr\u00e4utertee \u201eTisane Apaisante\u201c 20 Beutel<br \/>\nVerdauungsf\u00f6rdernder Kr\u00e4utertee \u201eTisane Digestive\u201c 20 Beutel<\/p>\n","protected":false},"featured_media":2608,"template":"","meta":[],"product_cat":[71],"product_tag":[],"class_list":{"0":"post-2604","1":"product","2":"type-product","3":"status-publish","4":"has-post-thumbnail","6":"product_cat-sets","8":"first","9":"instock","10":"taxable","11":"shipping-taxable","12":"purchasable","13":"product-type-simple"},"aioseo_notices":[],"_links":{"self":[{"href":"https:\/\/eaudemelisse.com\/de\/wp-json\/wp\/v2\/product\/2604","targetHints":{"allow":["GET"]}}],"collection":[{"href":"https:\/\/eaudemelisse.com\/de\/wp-json\/wp\/v2\/product"}],"about":[{"href":"https:\/\/eaudemelisse.com\/de\/wp-json\/wp\/v2\/types\/product"}],"wp:featuredmedia":[{"embeddable":true,"href":"https:\/\/eaudemelisse.com\/de\/wp-json\/wp\/v2\/media\/2608"}],"wp:attachment":[{"href":"https:\/\/eaudemelisse.com\/de\/wp-json\/wp\/v2\/media?parent=2604"}],"wp:term":[{"taxonomy":"product_cat","embeddable":true,"href":"https:\/\/eaudemelisse.com\/de\/wp-json\/wp\/v2\/product_cat?post=2604"},{"taxonomy":"product_tag","embeddable":true,"href":"https:\/\/eaudemelisse.com\/de\/wp-json\/wp\/v2\/product_tag?post=2604"}],"curies":[{"name":"wp","href":"https:\/\/api.w.org\/{rel}","templated":true}]}}