{"id":2601,"date":"2015-10-13T14:56:11","date_gmt":"2015-10-13T13:56:11","guid":{"rendered":"http:\/\/eaudemelisse.com\/de\/?page_id=2601"},"modified":"2016-10-04T20:18:44","modified_gmt":"2016-10-04T19:18:44","slug":"presse","status":"publish","type":"page","link":"https:\/\/eaudemelisse.com\/de\/presse\/","title":{"rendered":"Presse"},"content":{"rendered":"<section class=\"wpb-content-wrapper\">[mk_page_section padding=&#8220;10&#8243; full_width=&#8220;true&#8220;][vc_column][vc_single_image image=&#8220;2878&#8243; img_size=&#8220;full&#8220; alignment=&#8220;center&#8220;][\/vc_column][\/mk_page_section][vc_row][vc_column][vc_column_text]\n<p style=\"text-align: center;\">Sehr geehrte Damen und Herren<\/p>\n<p style=\"text-align: center;\">Wir danken Ihnen f\u00fcr Ihr Interesse:<\/p>\n<p style=\"text-align: center;\">Sie k\u00f6nnen die Pressemappe und die Abbildungen durch Anklicken der nachfolgenden Linksherunterladen.<\/p>\n<p style=\"text-align: center;\">Wenn Sie unser Pressereferent kontaktieren soll, k\u00f6nnen Sie gerne Ihre Kontaktdaten hinterlassen.<\/p>\n<p style=\"text-align: center;\">Wir stehen Ihnen f\u00fcr weitere Informationen jederzeit zur Verf\u00fcgung.<\/p>\n<p style=\"text-align: center;\">Mit freundlichen Gr\u00fc\u00dfen<\/p>\n<p style=\"text-align: center;\">Jean-Brice Lagourgue<\/p>\n[\/vc_column_text][vc_empty_space height=&#8220;35px&#8220;][vc_column_text animation=&#8220;top-to-bottom&#8220; el_class=&#8220;dl-press&#8220;]\n<div class=\"press-btn\"><a class=\"dl-btn\" href=\"https:\/\/eaudemelisse.com\/pdf\/pack-shots.zip\">Photos Pack-shots<\/a><a class=\"dl-btn\" href=\"https:\/\/eaudemelisse.com\/pdf\/pack-presse.zip\">Pack presse<br \/>\nFotos &amp; logo<\/a><a class=\"dl-btn\" href=\"https:\/\/eaudemelisse.com\/pdf\/dossier-presse\">Pressemap<\/a><a class=\"dl-btn\" href=\"https:\/\/eaudemelisse.com\/presse\/revue-de-presse\/\">Presseschau<\/a><\/div>\n[\/vc_column_text][\/vc_column][\/vc_row]\n<\/section>","protected":false},"excerpt":{"rendered":"<p>[mk_page_section padding=&#8220;10&#8243; full_width=&#8220;true&#8220;][vc_column][vc_single_image image=&#8220;2878&#8243; img_size=&#8220;full&#8220; alignment=&#8220;center&#8220;][\/vc_column][\/mk_page_section][vc_row][vc_column][vc_column_text] Sehr geehrte Damen und Herren Wir danken Ihnen f\u00fcr Ihr Interesse: Sie k\u00f6nnen die Pressemappe und die Abbildungen durch Anklicken der nachfolgenden Linksherunterladen. Wenn Sie unser Pressereferent kontaktieren soll, k\u00f6nnen Sie gerne Ihre Kontaktdaten hinterlassen. Wir stehen Ihnen f\u00fcr weitere Informationen jederzeit zur Verf\u00fcgung. Mit freundlichen Gr\u00fc\u00dfen Jean-Brice Lagourgue [&hellip;]<\/p>\n","protected":false},"author":261,"featured_media":0,"parent":0,"menu_order":0,"comment_status":"closed","ping_status":"closed","template":"","meta":{"footnotes":""},"class_list":["post-2601","page","type-page","status-publish","hentry"],"aioseo_notices":[],"_links":{"self":[{"href":"https:\/\/eaudemelisse.com\/de\/wp-json\/wp\/v2\/pages\/2601","targetHints":{"allow":["GET"]}}],"collection":[{"href":"https:\/\/eaudemelisse.com\/de\/wp-json\/wp\/v2\/pages"}],"about":[{"href":"https:\/\/eaudemelisse.com\/de\/wp-json\/wp\/v2\/types\/page"}],"author":[{"embeddable":true,"href":"https:\/\/eaudemelisse.com\/de\/wp-json\/wp\/v2\/users\/261"}],"replies":[{"embeddable":true,"href":"https:\/\/eaudemelisse.com\/de\/wp-json\/wp\/v2\/comments?post=2601"}],"version-history":[{"count":0,"href":"https:\/\/eaudemelisse.com\/de\/wp-json\/wp\/v2\/pages\/2601\/revisions"}],"wp:attachment":[{"href":"https:\/\/eaudemelisse.com\/de\/wp-json\/wp\/v2\/media?parent=2601"}],"curies":[{"name":"wp","href":"https:\/\/api.w.org\/{rel}","templated":true}]}}