{"id":2599,"date":"2015-10-13T14:55:18","date_gmt":"2015-10-13T13:55:18","guid":{"rendered":"http:\/\/eaudemelisse.com\/de\/?page_id=2599"},"modified":"2016-09-28T13:52:11","modified_gmt":"2016-09-28T12:52:11","slug":"impressum","status":"publish","type":"page","link":"https:\/\/eaudemelisse.com\/de\/impressum\/","title":{"rendered":"Impressum"},"content":{"rendered":"<section class=\"wpb-content-wrapper\">[vc_row el_class=&#8220;ml-cgv&#8220;][vc_column][vc_column_text]<strong>Allgemeine Gesch\u00e4ftsbedingungen<\/strong><\/p>\n<p>Diese allgemeinen Gesch\u00e4ftsbedingungen regeln die Modalit\u00e4ten und Bedingungen f\u00fcr den Onlineverkauf durch Fma Renouard Larivi\u00e8res &amp; Ciean die Kunden. Gibt ein Kunde eine Bestellung auf, setzt diese von Rechts wegen die vorbehaltlose Annahme dieser Gesch\u00e4ftsbedingungen voraus. Alle eingegebenen Daten und die gespeicherte Best\u00e4tigung gelten als Nachweis f\u00fcr das Gesch\u00e4ft. Die E-Mail-Best\u00e4tigung, die an Werktagen sp\u00e4testens 24 Stunden nach der Annahme Ihrer Bestellung eingeht, gilt als Unterschrift und Annahme der durchgef\u00fchrten Vorg\u00e4nge. Der Verkaufspreis der Produkte ist in Euro inkl. MWStohne Versandkosten angegeben. Mit Paypal kann der K\u00e4ufer online zahlen und der Verk\u00e4ufer diese Zahlung vereinnahmen. PAYPAL tr\u00e4gt dazu bei, Ihre Kreditkarteninformationen durch Systeme, die zu den sichersten auf dem Markt geh\u00f6ren, vor Missbrauch und Betrug zu sch\u00fctzen. Mit PAYPAL werden Ihre Bankdaten grunds\u00e4tzlich nicht an den H\u00e4ndler weiter geleitet. Die Abbildungen im Katalog sind so getreu wie m\u00f6glich. Wir gew\u00e4hrleisten jedoch nicht die genaue \u00dcbereinstimmung mit dem angebotenen Produkt. Ist ein Kunde unzufrieden, kann er seinen Kauf innerhalb von 7 Werktagen widerrufen. Das Produkt ist in einwandfreiem Zustand in der Originalverpackung an die Anschrift der Firma zur\u00fcck zu senden. Die auf der Website pr\u00e4sentierten Erzeugnisse und Produkte sind durch die geltenden Vorschriften zum Urheberrecht, zum Recht \u00fcber gewerbliche Muster und Modelle und zum Markenrecht weltweit gesch\u00fctzt. Versandarten: Die Lieferfristen sind nur Zirka angaben. Falls die Ware nicht innerhalb von 60 Tagen ab dem Bestellzeitpunkt geliefert wird, kann der Kaufvertrag beendet werden, und der K\u00e4ufer erh\u00e4lt sein Geld zur\u00fcck. Die Bestellungen werden per Post als P\u00e4ckchen versendet. Die Versandkosten beinhalten die Kosten der Verpackung und das Porto. Wir liefern innerhalb Frankreichs, europaweit (EU) und ins internationale Ausland.<\/p>\n<p>&nbsp;<\/p>\n<p><strong>Impressum<\/strong><\/p>\n<p>Verantwortlich f\u00fcr den Dienst und Verkauf der auf der Website \u00a0<a href=\"https:\/\/eaudemelisse.com\/\">Eaudemelisse.com<\/a>\u00a0angebotenen Produkte ist das Unternehmen Eau des Carmes Boyer SAS, das zum Verkauf einer Auswahl an Produkten im Internet in und au\u00dferhalb Frankreichs berechtigt ist.<\/p>\n<p><strong>Editor und Verk\u00e4ufer &#8211; Kontakt<\/strong><\/p>\n<p>EAU DES CARMES BOYER<\/p>\n<p>Vereinfachte franz\u00f6sische Aktiengesellschaft mit einem Kapital von 76.700 \u20ac<\/p>\n<p>Firmensitz: 6 rue de l\u2019abbaye 75006 Paris<\/p>\n<p>572 226 371 RCS PARIS<\/p>\n<p>SIRET : 572 226 371 00019<\/p>\n<p>USt-Id-Nr.: FR 52 572 226 371<\/p>\n<p>Tel.-Nr. +33 (0)1 39 14 \u00a088 22<\/p>\n<p>Publikationsleiter: Jean-Brice Lagourgue<\/p>\n<p>Verantwortlicher Herausgeber: Olivier Dauchez<\/p>\n<p>K\u00fcnstlerische Leitung:\u00a0Olivier Marty<\/p>\n<p>Abbildungen: \u00a0Pierre Brissonnet<\/p>\n<p>Fotos: IP-3<\/p>\n<p>Entw.: SB Webmastering<\/p>\n<p>Unser Kundenservice steht Ihnen jederzeit zur Beantwortung Ihrer Fragen zur Verf\u00fcgung.<\/p>\n<p>Sie k\u00f6nnen sich in diesem Fall per E-Mail an folgende Adresse wenden:\u00a0<a href=\"mailto:contact@eaudemelisse.com\">contact@eaudemelisse.com<\/a>[\/vc_column_text][\/vc_column][\/vc_row]\n<\/section>","protected":false},"excerpt":{"rendered":"<p>[vc_row el_class=&#8220;ml-cgv&#8220;][vc_column][vc_column_text]Allgemeine Gesch\u00e4ftsbedingungen Diese allgemeinen Gesch\u00e4ftsbedingungen regeln die Modalit\u00e4ten und Bedingungen f\u00fcr den Onlineverkauf durch Fma Renouard Larivi\u00e8res &amp; Ciean die Kunden. Gibt ein Kunde eine Bestellung auf, setzt diese von Rechts wegen die vorbehaltlose Annahme dieser Gesch\u00e4ftsbedingungen voraus. Alle eingegebenen Daten und die gespeicherte Best\u00e4tigung gelten als Nachweis f\u00fcr das Gesch\u00e4ft. Die E-Mail-Best\u00e4tigung, die [&hellip;]<\/p>\n","protected":false},"author":261,"featured_media":0,"parent":0,"menu_order":0,"comment_status":"closed","ping_status":"closed","template":"","meta":{"footnotes":""},"class_list":["post-2599","page","type-page","status-publish","hentry"],"aioseo_notices":[],"_links":{"self":[{"href":"https:\/\/eaudemelisse.com\/de\/wp-json\/wp\/v2\/pages\/2599","targetHints":{"allow":["GET"]}}],"collection":[{"href":"https:\/\/eaudemelisse.com\/de\/wp-json\/wp\/v2\/pages"}],"about":[{"href":"https:\/\/eaudemelisse.com\/de\/wp-json\/wp\/v2\/types\/page"}],"author":[{"embeddable":true,"href":"https:\/\/eaudemelisse.com\/de\/wp-json\/wp\/v2\/users\/261"}],"replies":[{"embeddable":true,"href":"https:\/\/eaudemelisse.com\/de\/wp-json\/wp\/v2\/comments?post=2599"}],"version-history":[{"count":0,"href":"https:\/\/eaudemelisse.com\/de\/wp-json\/wp\/v2\/pages\/2599\/revisions"}],"wp:attachment":[{"href":"https:\/\/eaudemelisse.com\/de\/wp-json\/wp\/v2\/media?parent=2599"}],"curies":[{"name":"wp","href":"https:\/\/api.w.org\/{rel}","templated":true}]}}