{"id":2566,"date":"2015-10-07T15:10:17","date_gmt":"2015-10-07T14:10:17","guid":{"rendered":"http:\/\/eaudemelisse.com\/de\/?page_id=2566"},"modified":"2016-10-04T20:12:01","modified_gmt":"2016-10-04T19:12:01","slug":"daten","status":"publish","type":"page","link":"https:\/\/eaudemelisse.com\/de\/geschichte\/daten\/","title":{"rendered":"Daten"},"content":{"rendered":"<section class=\"wpb-content-wrapper\">[mk_page_section full_width=&#8220;true&#8220;][vc_column][vc_single_image image=&#8220;343&#8243; img_size=&#8220;full&#8220; alignment=&#8220;center&#8220;][vc_empty_space height=&#8220;25px&#8220;][\/vc_column][\/mk_page_section][mk_page_section bg_color=&#8220;#cfdfe3&#8243; bg_image=&#8220;https:\/\/eaudemelisse.com\/wp-content\/uploads\/2015\/10\/histoire-1611-2.jpg&#8220; bg_position=&#8220;center center&#8220; bg_repeat=&#8220;no-repeat&#8220; bg_stretch=&#8220;true&#8220; expandable=&#8220;true&#8220; expandable_txt=&#8220;1611&#8243; expandable_icon_size=&#8220;45&#8243; expandable_txt_color=&#8220;#ff4351&#8243; expandable_txt_size=&#8220;34&#8243; full_width=&#8220;true&#8220;][vc_column][vc_column_text el_class=&#8220;dates-text&#8220;]\n<h3>10 Mai 1611<\/h3>\n<p>Unter der Regentin Maria von Medici lie\u00dfen sich die Ordensbr\u00fcder der Unbeschuhten Karmeliter in der Pariser Rue de Vaugirard nieder, wo sie ab 1611 Karmeliterwasser herstellten.<\/p>\n<p>Die heutige Rezeptur stammt von Pater Damian.<\/p>\n<p><a href=\"http:\/\/www.carmes-paris.org\" target=\"_blank\">http:\/\/www.carmes-paris.org<\/a>[\/vc_column_text][\/vc_column][\/mk_page_section][vc_row][vc_column][vc_empty_space height=&#8220;20px&#8220;][\/vc_column][\/vc_row][mk_page_section bg_image=&#8220;https:\/\/eaudemelisse.com\/wp-content\/uploads\/2015\/10\/histoire-img-1.jpg&#8220; bg_position=&#8220;center center&#8220; bg_repeat=&#8220;no-repeat&#8220; bg_stretch=&#8220;true&#8220; expandable=&#8220;true&#8220; expandable_txt=&#8220;1709 &#8211; 1773 &#8211; 1776 &#8211; 1780 &#8220; expandable_icon_size=&#8220;45&#8243; expandable_txt_color=&#8220;#ff4351&#8243; expandable_txt_size=&#8220;34&#8243; full_width=&#8220;true&#8220;][vc_column][vc_column_text el_class=&#8220;dates-text&#8220;]\n<h3>1709-1773-1776-1780<\/h3>\n<p>K\u00f6nigliches Schreiben an die Ordenspriester der Karmeliten.[\/vc_column_text][\/vc_column][\/mk_page_section][vc_row][vc_column][vc_empty_space height=&#8220;20px&#8220;][\/vc_column][\/vc_row][mk_page_section bg_image=&#8220;https:\/\/eaudemelisse.com\/wp-content\/uploads\/2015\/10\/histoire-img-2.jpg&#8220; bg_position=&#8220;center center&#8220; bg_repeat=&#8220;no-repeat&#8220; bg_stretch=&#8220;true&#8220; expandable=&#8220;true&#8220; expandable_txt=&#8220;2 sept 1792&#8243; expandable_icon_size=&#8220;45&#8243; expandable_txt_color=&#8220;#ff4351&#8243; expandable_txt_size=&#8220;34&#8243; full_width=&#8220;true&#8220;][vc_column][vc_column_text el_class=&#8220;dates-text&#8220;]\n<h3>02 Septembre 1792<\/h3>\n<p>W\u00e4hrend der Franz\u00f6sischen Revolution organisierten die Richter der Revolution\u00e4rsgruppierung Luxembourg einen Schauprozess, bei dem jeder Gef\u00e4ngnisinsasse aufgefordert wurde, auf die republikanische Verfassung zu schw\u00f6ren. Die Priester, die dies verweigerten, wurden hingerichtet. Im Park stapelten sich 115 Leichen.<\/p>\n<p><a href=\"http:\/\/www.sjdc.fr\" target=\"_blank\">http:\/\/www.sjdc.fr<\/a>[\/vc_column_text][\/vc_column][\/mk_page_section][vc_row][vc_column][vc_empty_space height=&#8220;20px&#8220;][\/vc_column][\/vc_row][mk_page_section bg_image=&#8220;https:\/\/eaudemelisse.com\/wp-content\/uploads\/2015\/10\/histoire-img-3.jpg&#8220; bg_position=&#8220;center center&#8220; bg_repeat=&#8220;no-repeat&#8220; bg_stretch=&#8220;true&#8220; expandable=&#8220;true&#8220; expandable_txt=&#8220;1792&#8243; expandable_icon_size=&#8220;45&#8243; expandable_txt_color=&#8220;#ff4351&#8243; expandable_txt_size=&#8220;34&#8243; full_width=&#8220;true&#8220;][vc_column][vc_column_text el_class=&#8220;dates-text&#8220;]\n<h3>1792<\/h3>\n<p>Einige Patres schlossen sich zu einer Gesellschaft nach b\u00fcrgerlichem Recht zusammen und erwarben vom Staat das Recht, Karmeliterwasser herzustellen und zu verkaufen. Sie lie\u00dfen sich in der Rue Taranne Nr. 14 nieder.[\/vc_column_text][\/vc_column][\/mk_page_section][vc_row][vc_column][vc_empty_space height=&#8220;20px&#8220;][\/vc_column][\/vc_row][mk_page_section bg_image=&#8220;https:\/\/eaudemelisse.com\/wp-content\/uploads\/2015\/10\/histoire-img-4.jpg&#8220; bg_position=&#8220;center center&#8220; bg_repeat=&#8220;no-repeat&#8220; bg_stretch=&#8220;true&#8220; expandable=&#8220;true&#8220; expandable_txt=&#8220;1838&#8243; expandable_icon_size=&#8220;45&#8243; expandable_txt_color=&#8220;#ff4351&#8243; expandable_txt_size=&#8220;34&#8243; full_width=&#8220;true&#8220;][vc_column][vc_column_text el_class=&#8220;dates-text&#8220;]\n<h3>1838<\/h3>\n<p>Am\u00e9d\u00e9 BOYER \u00fcbernahm das ber\u00fchmte \u201eEau de M\u00e9lisse\u201c, das bis heute in Familienbesitz ist.[\/vc_column_text][\/vc_column][\/mk_page_section][vc_row][vc_column][vc_empty_space height=&#8220;20px&#8220;][\/vc_column][\/vc_row][mk_page_section bg_image=&#8220;https:\/\/eaudemelisse.com\/wp-content\/uploads\/2015\/10\/histoire-img-5.jpg&#8220; bg_position=&#8220;center center&#8220; bg_repeat=&#8220;no-repeat&#8220; bg_stretch=&#8220;true&#8220; expandable=&#8220;true&#8220; expandable_txt=&#8220;1877&#8243; expandable_icon_size=&#8220;45&#8243; expandable_txt_color=&#8220;#ff4351&#8243; expandable_txt_size=&#8220;34&#8243; full_width=&#8220;true&#8220;][vc_column][vc_column_text el_class=&#8220;dates-text&#8220;]\n<h3>1877<\/h3>\n<p>Durch die Enteignung der Produktionsst\u00e4tte in der Rue Taranne Nr. 14 wurde das einstige Karmeliterlabor in die Rue de l\u00b4Abbaye Nr. 14 und 1950 dann in die Rue de l\u00b4Abbaye Nr. 6 verlegt.[\/vc_column_text][\/vc_column][\/mk_page_section][vc_row][vc_column][vc_empty_space height=&#8220;20px&#8220;][\/vc_column][\/vc_row][mk_page_section bg_color=&#8220;#cfdfe3&#8243; bg_image=&#8220;https:\/\/eaudemelisse.com\/wp-content\/uploads\/2015\/10\/histoire-1990-2.jpg&#8220; bg_position=&#8220;center center&#8220; bg_repeat=&#8220;no-repeat&#8220; bg_stretch=&#8220;true&#8220; expandable=&#8220;true&#8220; expandable_txt=&#8220;1990&#8243; expandable_icon_size=&#8220;45&#8243; expandable_txt_color=&#8220;#ff4351&#8243; expandable_txt_size=&#8220;34&#8243; full_width=&#8220;true&#8220;][vc_column][vc_column_text el_class=&#8220;dates-text&#8220;]\n<h3>1990<\/h3>\n<p>Die Herstellung wurde von Courbevoie nach Carrieres-sur-Seine verlegt.<\/p>\n<p>Hier wurden die Pflanzen und Gew\u00fcrze angeliefert.<\/p>\n[\/vc_column_text][\/vc_column][\/mk_page_section][vc_row][vc_column][vc_empty_space height=&#8220;20px&#8220;][\/vc_column][\/vc_row][mk_page_section bg_color=&#8220;#cfdfe3&#8243; bg_image=&#8220;https:\/\/eaudemelisse.com\/wp-content\/uploads\/2015\/10\/Pont-Alexandre-III.jpg&#8220; bg_position=&#8220;center center&#8220; bg_repeat=&#8220;no-repeat&#8220; bg_stretch=&#8220;true&#8220; color_mask=&#8220;#37747e&#8220; expandable=&#8220;true&#8220; expandable_txt=&#8220;2016&#8243; expandable_icon_size=&#8220;45&#8243; expandable_txt_color=&#8220;#ff4351&#8243; expandable_txt_size=&#8220;34&#8243; full_width=&#8220;true&#8220;][vc_column][vc_column_text el_class=&#8220;dates-text&#8220;]\n<h3>2016<\/h3>\n<p>Mit der Verleihung des Qualit\u00e4tslabels \u201eLabel des Entreprises du Patrimoine Vivant\u201c wurde das Know-how des Hauses offiziell anerkannt.<\/p>\n<p>Das Unternehmen wurde Jean-Brice Lagourgue \u00fcbertragen, der es seit 2007 leitet. Jetzt ist bereits die sechste Generation an der Reihe\u2026<\/p>\n[\/vc_column_text][\/vc_column][\/mk_page_section][vc_row][vc_column][vc_empty_space height=&#8220;20px&#8220;][\/vc_column][\/vc_row]\n<\/section>","protected":false},"excerpt":{"rendered":"<p>[mk_page_section full_width=&#8220;true&#8220;][vc_column][vc_single_image image=&#8220;343&#8243; img_size=&#8220;full&#8220; alignment=&#8220;center&#8220;][vc_empty_space height=&#8220;25px&#8220;][\/vc_column][\/mk_page_section][mk_page_section bg_color=&#8220;#cfdfe3&#8243; bg_image=&#8220;https:\/\/eaudemelisse.com\/wp-content\/uploads\/2015\/10\/histoire-1611-2.jpg&#8220; bg_position=&#8220;center center&#8220; bg_repeat=&#8220;no-repeat&#8220; bg_stretch=&#8220;true&#8220; expandable=&#8220;true&#8220; expandable_txt=&#8220;1611&#8243; expandable_icon_size=&#8220;45&#8243; expandable_txt_color=&#8220;#ff4351&#8243; expandable_txt_size=&#8220;34&#8243; full_width=&#8220;true&#8220;][vc_column][vc_column_text el_class=&#8220;dates-text&#8220;] 10 Mai 1611 Unter der Regentin Maria von Medici lie\u00dfen sich die Ordensbr\u00fcder der Unbeschuhten Karmeliter in der Pariser Rue de Vaugirard nieder, wo sie ab 1611 Karmeliterwasser herstellten. Die heutige Rezeptur stammt von Pater Damian. [&hellip;]<\/p>\n","protected":false},"author":261,"featured_media":0,"parent":2542,"menu_order":0,"comment_status":"closed","ping_status":"closed","template":"","meta":{"footnotes":""},"class_list":["post-2566","page","type-page","status-publish","hentry"],"aioseo_notices":[],"_links":{"self":[{"href":"https:\/\/eaudemelisse.com\/de\/wp-json\/wp\/v2\/pages\/2566","targetHints":{"allow":["GET"]}}],"collection":[{"href":"https:\/\/eaudemelisse.com\/de\/wp-json\/wp\/v2\/pages"}],"about":[{"href":"https:\/\/eaudemelisse.com\/de\/wp-json\/wp\/v2\/types\/page"}],"author":[{"embeddable":true,"href":"https:\/\/eaudemelisse.com\/de\/wp-json\/wp\/v2\/users\/261"}],"replies":[{"embeddable":true,"href":"https:\/\/eaudemelisse.com\/de\/wp-json\/wp\/v2\/comments?post=2566"}],"version-history":[{"count":0,"href":"https:\/\/eaudemelisse.com\/de\/wp-json\/wp\/v2\/pages\/2566\/revisions"}],"up":[{"embeddable":true,"href":"https:\/\/eaudemelisse.com\/de\/wp-json\/wp\/v2\/pages\/2542"}],"wp:attachment":[{"href":"https:\/\/eaudemelisse.com\/de\/wp-json\/wp\/v2\/media?parent=2566"}],"curies":[{"name":"wp","href":"https:\/\/api.w.org\/{rel}","templated":true}]}}